{"id":466,"date":"2025-12-15T10:17:43","date_gmt":"2025-12-15T09:17:43","guid":{"rendered":"https:\/\/anpiozanety.pl\/?page_id=466"},"modified":"2025-12-15T10:37:47","modified_gmt":"2025-12-15T09:37:47","slug":"elementor-466","status":"publish","type":"page","link":"https:\/\/anpiozanety.pl\/?page_id=466","title":{"rendered":"Dodatki zan\u0119towe"},"content":{"rendered":"\t\t<div data-elementor-type=\"wp-page\" data-elementor-id=\"466\" class=\"elementor elementor-466\">\n\t\t\t\t<div class=\"elementor-element elementor-element-830a0f8 e-flex e-con-boxed e-con e-parent\" data-id=\"830a0f8\" data-element_type=\"container\">\n\t\t\t\t\t<div class=\"e-con-inner\">\n\t\t\t\t<div class=\"elementor-element elementor-element-2d9b042 elementor-widget elementor-widget-text-editor\" data-id=\"2d9b042\" data-element_type=\"widget\" data-widget_type=\"text-editor.default\">\n\t\t\t\t\t\t\t\t\t<p>&nbsp;Profesjonalne dodatki zan\u0119towe Anpio stworzone dla w\u0119dkarzy, kt\u00f3rzy oczekuj\u0105 wi\u0119cej. Wzboga\u0107 zan\u0119t\u0119 o skuteczne sk\u0142adniki i dopasuj mieszank\u0119 do konkretnych gatunk\u00f3w ryb oraz warunk\u00f3w \u0142owiska, aby \u0142owi\u0107 szybciej, celniej i skuteczniej.<\/p>\t\t\t\t\t\t\t\t<\/div>\n\t\t\t\t<div class=\"elementor-element elementor-element-b57a497 elementor-widget elementor-widget-image-gallery\" data-id=\"b57a497\" data-element_type=\"widget\" data-widget_type=\"image-gallery.default\">\n\t\t\t\t\t\t\t<div class=\"elementor-image-gallery\">\n\t\t\t<div id='gallery-1' class='gallery galleryid-466 gallery-columns-3 gallery-size-medium'><figure class='gallery-item'>\n\t\t\t<div class='gallery-icon portrait'>\n\t\t\t\t<a data-elementor-open-lightbox=\"yes\" data-elementor-lightbox-slideshow=\"b57a497\" data-elementor-lightbox-title=\"Dodatek zane\u0328towy klej 400g\" data-e-action-hash=\"#elementor-action%3Aaction%3Dlightbox%26settings%3DeyJpZCI6NDY4LCJ1cmwiOiJodHRwczpcL1wvYW5waW96YW5ldHkucGxcL3dwLWNvbnRlbnRcL3VwbG9hZHNcLzIwMjVcLzEyXC84ODYwNy1kb2RhdGVrLXphbmV0b3d5LWtsZWouanBnIiwic2xpZGVzaG93IjoiYjU3YTQ5NyJ9\" href='https:\/\/anpiozanety.pl\/wp-content\/uploads\/2025\/12\/88607-dodatek-zanetowy-klej.jpg'><img fetchpriority=\"high\" decoding=\"async\" width=\"194\" height=\"300\" src=\"https:\/\/anpiozanety.pl\/wp-content\/uploads\/2025\/12\/88607-dodatek-zanetowy-klej-194x300.jpg\" class=\"attachment-medium size-medium\" alt=\"\" aria-describedby=\"gallery-1-468\" srcset=\"https:\/\/anpiozanety.pl\/wp-content\/uploads\/2025\/12\/88607-dodatek-zanetowy-klej-194x300.jpg 194w, https:\/\/anpiozanety.pl\/wp-content\/uploads\/2025\/12\/88607-dodatek-zanetowy-klej.jpg 662w\" sizes=\"(max-width: 194px) 100vw, 194px\" \/><\/a>\n\t\t\t<\/div>\n\t\t\t\t<figcaption class='wp-caption-text gallery-caption' id='gallery-1-468'>\n\t\t\t\tKlej do zan\u0119t\n\t\t\t\t<\/figcaption><\/figure><figure class='gallery-item'>\n\t\t\t<div class='gallery-icon portrait'>\n\t\t\t\t<a data-elementor-open-lightbox=\"yes\" data-elementor-lightbox-slideshow=\"b57a497\" data-elementor-lightbox-title=\"Dodatek zane\u0328towy konopne praz\u0307one 400g\" data-e-action-hash=\"#elementor-action%3Aaction%3Dlightbox%26settings%3DeyJpZCI6NDY5LCJ1cmwiOiJodHRwczpcL1wvYW5waW96YW5ldHkucGxcL3dwLWNvbnRlbnRcL3VwbG9hZHNcLzIwMjVcLzEyXC84ODYwNy1kb2RhdGVrLXphbmV0b3d5LWtvbm9wbmUtcHJhem9uZS5qcGciLCJzbGlkZXNob3ciOiJiNTdhNDk3In0%3D\" href='https:\/\/anpiozanety.pl\/wp-content\/uploads\/2025\/12\/88607-dodatek-zanetowy-konopne-prazone.jpg'><img decoding=\"async\" width=\"194\" height=\"300\" src=\"https:\/\/anpiozanety.pl\/wp-content\/uploads\/2025\/12\/88607-dodatek-zanetowy-konopne-prazone-194x300.jpg\" class=\"attachment-medium size-medium\" alt=\"\" aria-describedby=\"gallery-1-469\" srcset=\"https:\/\/anpiozanety.pl\/wp-content\/uploads\/2025\/12\/88607-dodatek-zanetowy-konopne-prazone-194x300.jpg 194w, https:\/\/anpiozanety.pl\/wp-content\/uploads\/2025\/12\/88607-dodatek-zanetowy-konopne-prazone.jpg 662w\" sizes=\"(max-width: 194px) 100vw, 194px\" \/><\/a>\n\t\t\t<\/div>\n\t\t\t\t<figcaption class='wp-caption-text gallery-caption' id='gallery-1-469'>\n\t\t\t\tKonopie pra\u017cone \n\t\t\t\t<\/figcaption><\/figure><figure class='gallery-item'>\n\t\t\t<div class='gallery-icon portrait'>\n\t\t\t\t<a data-elementor-open-lightbox=\"yes\" data-elementor-lightbox-slideshow=\"b57a497\" data-elementor-lightbox-title=\"Dodatek zane\u0328towy konopne ziarno 400g\" data-e-action-hash=\"#elementor-action%3Aaction%3Dlightbox%26settings%3DeyJpZCI6NDcwLCJ1cmwiOiJodHRwczpcL1wvYW5waW96YW5ldHkucGxcL3dwLWNvbnRlbnRcL3VwbG9hZHNcLzIwMjVcLzEyXC84ODYwNy1kb2RhdGVrLXphbmV0b3d5LWtvbm9wbmUtemlhcm5vLmpwZyIsInNsaWRlc2hvdyI6ImI1N2E0OTcifQ%3D%3D\" href='https:\/\/anpiozanety.pl\/wp-content\/uploads\/2025\/12\/88607-dodatek-zanetowy-konopne-ziarno.jpg'><img decoding=\"async\" width=\"194\" height=\"300\" src=\"https:\/\/anpiozanety.pl\/wp-content\/uploads\/2025\/12\/88607-dodatek-zanetowy-konopne-ziarno-194x300.jpg\" class=\"attachment-medium size-medium\" alt=\"\" aria-describedby=\"gallery-1-470\" srcset=\"https:\/\/anpiozanety.pl\/wp-content\/uploads\/2025\/12\/88607-dodatek-zanetowy-konopne-ziarno-194x300.jpg 194w, https:\/\/anpiozanety.pl\/wp-content\/uploads\/2025\/12\/88607-dodatek-zanetowy-konopne-ziarno.jpg 662w\" sizes=\"(max-width: 194px) 100vw, 194px\" \/><\/a>\n\t\t\t<\/div>\n\t\t\t\t<figcaption class='wp-caption-text gallery-caption' id='gallery-1-470'>\n\t\t\t\tKonopie ziarno\n\t\t\t\t<\/figcaption><\/figure><figure class='gallery-item'>\n\t\t\t<div class='gallery-icon portrait'>\n\t\t\t\t<a data-elementor-open-lightbox=\"yes\" data-elementor-lightbox-slideshow=\"b57a497\" data-elementor-lightbox-title=\"Dodatek zane\u0328towy ma\u0328czka orzechowa 400g\" data-e-action-hash=\"#elementor-action%3Aaction%3Dlightbox%26settings%3DeyJpZCI6NDcxLCJ1cmwiOiJodHRwczpcL1wvYW5waW96YW5ldHkucGxcL3dwLWNvbnRlbnRcL3VwbG9hZHNcLzIwMjVcLzEyXC84ODYwNy1kb2RhdGVrLXphbmV0b3d5LW1hY3prYS1vcnplY2hvd2EuanBnIiwic2xpZGVzaG93IjoiYjU3YTQ5NyJ9\" href='https:\/\/anpiozanety.pl\/wp-content\/uploads\/2025\/12\/88607-dodatek-zanetowy-maczka-orzechowa.jpg'><img loading=\"lazy\" decoding=\"async\" width=\"194\" height=\"300\" src=\"https:\/\/anpiozanety.pl\/wp-content\/uploads\/2025\/12\/88607-dodatek-zanetowy-maczka-orzechowa-194x300.jpg\" class=\"attachment-medium size-medium\" alt=\"\" aria-describedby=\"gallery-1-471\" srcset=\"https:\/\/anpiozanety.pl\/wp-content\/uploads\/2025\/12\/88607-dodatek-zanetowy-maczka-orzechowa-194x300.jpg 194w, https:\/\/anpiozanety.pl\/wp-content\/uploads\/2025\/12\/88607-dodatek-zanetowy-maczka-orzechowa.jpg 662w\" sizes=\"(max-width: 194px) 100vw, 194px\" \/><\/a>\n\t\t\t<\/div>\n\t\t\t\t<figcaption class='wp-caption-text gallery-caption' id='gallery-1-471'>\n\t\t\t\tM\u0105czka orzechowa \n\t\t\t\t<\/figcaption><\/figure><figure class='gallery-item'>\n\t\t\t<div class='gallery-icon portrait'>\n\t\t\t\t<a data-elementor-open-lightbox=\"yes\" data-elementor-lightbox-slideshow=\"b57a497\" data-elementor-lightbox-title=\"Dodatek zane\u0328towy ma\u0328czka piernikowa 400g\" data-e-action-hash=\"#elementor-action%3Aaction%3Dlightbox%26settings%3DeyJpZCI6NDcyLCJ1cmwiOiJodHRwczpcL1wvYW5waW96YW5ldHkucGxcL3dwLWNvbnRlbnRcL3VwbG9hZHNcLzIwMjVcLzEyXC84ODYwNy1kb2RhdGVrLXphbmV0b3d5LW1hY3prYS1waWVybmlrb3dhLmpwZyIsInNsaWRlc2hvdyI6ImI1N2E0OTcifQ%3D%3D\" href='https:\/\/anpiozanety.pl\/wp-content\/uploads\/2025\/12\/88607-dodatek-zanetowy-maczka-piernikowa.jpg'><img loading=\"lazy\" decoding=\"async\" width=\"194\" height=\"300\" src=\"https:\/\/anpiozanety.pl\/wp-content\/uploads\/2025\/12\/88607-dodatek-zanetowy-maczka-piernikowa-194x300.jpg\" class=\"attachment-medium size-medium\" alt=\"\" aria-describedby=\"gallery-1-472\" srcset=\"https:\/\/anpiozanety.pl\/wp-content\/uploads\/2025\/12\/88607-dodatek-zanetowy-maczka-piernikowa-194x300.jpg 194w, https:\/\/anpiozanety.pl\/wp-content\/uploads\/2025\/12\/88607-dodatek-zanetowy-maczka-piernikowa.jpg 662w\" sizes=\"(max-width: 194px) 100vw, 194px\" \/><\/a>\n\t\t\t<\/div>\n\t\t\t\t<figcaption class='wp-caption-text gallery-caption' id='gallery-1-472'>\n\t\t\t\tM\u0105czka piernikowa\n\t\t\t\t<\/figcaption><\/figure><figure class='gallery-item'>\n\t\t\t<div class='gallery-icon portrait'>\n\t\t\t\t<a data-elementor-open-lightbox=\"yes\" data-elementor-lightbox-slideshow=\"b57a497\" data-elementor-lightbox-title=\"Dodatek zane\u0328towy odchody go\u0142e\u0328bie 400g\" data-e-action-hash=\"#elementor-action%3Aaction%3Dlightbox%26settings%3DeyJpZCI6NDczLCJ1cmwiOiJodHRwczpcL1wvYW5waW96YW5ldHkucGxcL3dwLWNvbnRlbnRcL3VwbG9hZHNcLzIwMjVcLzEyXC84ODYwNy1kb2RhdGVrLXphbmV0b3d5LW9kY2hvZHktZ29sZWJpZS5qcGciLCJzbGlkZXNob3ciOiJiNTdhNDk3In0%3D\" href='https:\/\/anpiozanety.pl\/wp-content\/uploads\/2025\/12\/88607-dodatek-zanetowy-odchody-golebie.jpg'><img loading=\"lazy\" decoding=\"async\" width=\"194\" height=\"300\" src=\"https:\/\/anpiozanety.pl\/wp-content\/uploads\/2025\/12\/88607-dodatek-zanetowy-odchody-golebie-194x300.jpg\" class=\"attachment-medium size-medium\" alt=\"\" aria-describedby=\"gallery-1-473\" srcset=\"https:\/\/anpiozanety.pl\/wp-content\/uploads\/2025\/12\/88607-dodatek-zanetowy-odchody-golebie-194x300.jpg 194w, https:\/\/anpiozanety.pl\/wp-content\/uploads\/2025\/12\/88607-dodatek-zanetowy-odchody-golebie.jpg 662w\" sizes=\"(max-width: 194px) 100vw, 194px\" \/><\/a>\n\t\t\t<\/div>\n\t\t\t\t<figcaption class='wp-caption-text gallery-caption' id='gallery-1-473'>\n\t\t\t\tOdchody go\u0142\u0119bie\n\t\t\t\t<\/figcaption><\/figure><figure class='gallery-item'>\n\t\t\t<div class='gallery-icon portrait'>\n\t\t\t\t<a data-elementor-open-lightbox=\"yes\" data-elementor-lightbox-slideshow=\"b57a497\" data-elementor-lightbox-title=\"Dodatek zane\u0328towy arachid 400g\" data-e-action-hash=\"#elementor-action%3Aaction%3Dlightbox%26settings%3DeyJpZCI6NDc0LCJ1cmwiOiJodHRwczpcL1wvYW5waW96YW5ldHkucGxcL3dwLWNvbnRlbnRcL3VwbG9hZHNcLzIwMjVcLzEyXC84ODYwNy1kb2RhdGVrLXphbmV0b3d5LWFyYWNoaWQuanBnIiwic2xpZGVzaG93IjoiYjU3YTQ5NyJ9\" href='https:\/\/anpiozanety.pl\/wp-content\/uploads\/2025\/12\/88607-dodatek-zanetowy-arachid.jpg'><img loading=\"lazy\" decoding=\"async\" width=\"194\" height=\"300\" src=\"https:\/\/anpiozanety.pl\/wp-content\/uploads\/2025\/12\/88607-dodatek-zanetowy-arachid-194x300.jpg\" class=\"attachment-medium size-medium\" alt=\"\" aria-describedby=\"gallery-1-474\" srcset=\"https:\/\/anpiozanety.pl\/wp-content\/uploads\/2025\/12\/88607-dodatek-zanetowy-arachid-194x300.jpg 194w, https:\/\/anpiozanety.pl\/wp-content\/uploads\/2025\/12\/88607-dodatek-zanetowy-arachid.jpg 662w\" sizes=\"(max-width: 194px) 100vw, 194px\" \/><\/a>\n\t\t\t<\/div>\n\t\t\t\t<figcaption class='wp-caption-text gallery-caption' id='gallery-1-474'>\n\t\t\t\tArachid\n\t\t\t\t<\/figcaption><\/figure><figure class='gallery-item'>\n\t\t\t<div class='gallery-icon portrait'>\n\t\t\t\t<a data-elementor-open-lightbox=\"yes\" data-elementor-lightbox-slideshow=\"b57a497\" data-elementor-lightbox-title=\"Dodatek zane\u0328towy biszkopt czekoladowy 400g\" data-e-action-hash=\"#elementor-action%3Aaction%3Dlightbox%26settings%3DeyJpZCI6NDc1LCJ1cmwiOiJodHRwczpcL1wvYW5waW96YW5ldHkucGxcL3dwLWNvbnRlbnRcL3VwbG9hZHNcLzIwMjVcLzEyXC84ODYwNy1kb2RhdGVrLXphbmV0b3d5LWJpc3prb3B0LWN6ZWtvbGFkb3d5LmpwZyIsInNsaWRlc2hvdyI6ImI1N2E0OTcifQ%3D%3D\" href='https:\/\/anpiozanety.pl\/wp-content\/uploads\/2025\/12\/88607-dodatek-zanetowy-biszkopt-czekoladowy.jpg'><img loading=\"lazy\" decoding=\"async\" width=\"194\" height=\"300\" src=\"https:\/\/anpiozanety.pl\/wp-content\/uploads\/2025\/12\/88607-dodatek-zanetowy-biszkopt-czekoladowy-194x300.jpg\" class=\"attachment-medium size-medium\" alt=\"\" aria-describedby=\"gallery-1-475\" srcset=\"https:\/\/anpiozanety.pl\/wp-content\/uploads\/2025\/12\/88607-dodatek-zanetowy-biszkopt-czekoladowy-194x300.jpg 194w, https:\/\/anpiozanety.pl\/wp-content\/uploads\/2025\/12\/88607-dodatek-zanetowy-biszkopt-czekoladowy.jpg 662w\" sizes=\"(max-width: 194px) 100vw, 194px\" \/><\/a>\n\t\t\t<\/div>\n\t\t\t\t<figcaption class='wp-caption-text gallery-caption' id='gallery-1-475'>\n\t\t\t\tBiszkopt czekoladowy\n\t\t\t\t<\/figcaption><\/figure><figure class='gallery-item'>\n\t\t\t<div class='gallery-icon portrait'>\n\t\t\t\t<a data-elementor-open-lightbox=\"yes\" data-elementor-lightbox-slideshow=\"b57a497\" data-elementor-lightbox-title=\"Dodatek zane\u0328towy biszkopt migda\u0142owy 400g\" data-e-action-hash=\"#elementor-action%3Aaction%3Dlightbox%26settings%3DeyJpZCI6NDc2LCJ1cmwiOiJodHRwczpcL1wvYW5waW96YW5ldHkucGxcL3dwLWNvbnRlbnRcL3VwbG9hZHNcLzIwMjVcLzEyXC84ODYwNy1kb2RhdGVrLXphbmV0b3d5LWJpc3prb3B0LW1pZ2RhbG93eS5qcGciLCJzbGlkZXNob3ciOiJiNTdhNDk3In0%3D\" href='https:\/\/anpiozanety.pl\/wp-content\/uploads\/2025\/12\/88607-dodatek-zanetowy-biszkopt-migdalowy.jpg'><img loading=\"lazy\" decoding=\"async\" width=\"194\" height=\"300\" src=\"https:\/\/anpiozanety.pl\/wp-content\/uploads\/2025\/12\/88607-dodatek-zanetowy-biszkopt-migdalowy-194x300.jpg\" class=\"attachment-medium size-medium\" alt=\"\" aria-describedby=\"gallery-1-476\" srcset=\"https:\/\/anpiozanety.pl\/wp-content\/uploads\/2025\/12\/88607-dodatek-zanetowy-biszkopt-migdalowy-194x300.jpg 194w, https:\/\/anpiozanety.pl\/wp-content\/uploads\/2025\/12\/88607-dodatek-zanetowy-biszkopt-migdalowy.jpg 662w\" sizes=\"(max-width: 194px) 100vw, 194px\" \/><\/a>\n\t\t\t<\/div>\n\t\t\t\t<figcaption class='wp-caption-text gallery-caption' id='gallery-1-476'>\n\t\t\t\tBiszkopt migda\u0142owy\n\t\t\t\t<\/figcaption><\/figure><figure class='gallery-item'>\n\t\t\t<div class='gallery-icon portrait'>\n\t\t\t\t<a data-elementor-open-lightbox=\"yes\" data-elementor-lightbox-slideshow=\"b57a497\" data-elementor-lightbox-title=\"Dodatek zane\u0328towy biszkopt miodowy 400g\" data-e-action-hash=\"#elementor-action%3Aaction%3Dlightbox%26settings%3DeyJpZCI6NDc3LCJ1cmwiOiJodHRwczpcL1wvYW5waW96YW5ldHkucGxcL3dwLWNvbnRlbnRcL3VwbG9hZHNcLzIwMjVcLzEyXC84ODYwNy1kb2RhdGVrLXphbmV0b3d5LWJpc3prb3B0LW1pb2Rvd3kuanBnIiwic2xpZGVzaG93IjoiYjU3YTQ5NyJ9\" href='https:\/\/anpiozanety.pl\/wp-content\/uploads\/2025\/12\/88607-dodatek-zanetowy-biszkopt-miodowy.jpg'><img loading=\"lazy\" decoding=\"async\" width=\"194\" height=\"300\" src=\"https:\/\/anpiozanety.pl\/wp-content\/uploads\/2025\/12\/88607-dodatek-zanetowy-biszkopt-miodowy-194x300.jpg\" class=\"attachment-medium size-medium\" alt=\"\" aria-describedby=\"gallery-1-477\" srcset=\"https:\/\/anpiozanety.pl\/wp-content\/uploads\/2025\/12\/88607-dodatek-zanetowy-biszkopt-miodowy-194x300.jpg 194w, https:\/\/anpiozanety.pl\/wp-content\/uploads\/2025\/12\/88607-dodatek-zanetowy-biszkopt-miodowy.jpg 662w\" sizes=\"(max-width: 194px) 100vw, 194px\" \/><\/a>\n\t\t\t<\/div>\n\t\t\t\t<figcaption class='wp-caption-text gallery-caption' id='gallery-1-477'>\n\t\t\t\tBiszkopt miodowy\n\t\t\t\t<\/figcaption><\/figure><figure class='gallery-item'>\n\t\t\t<div class='gallery-icon portrait'>\n\t\t\t\t<a data-elementor-open-lightbox=\"yes\" data-elementor-lightbox-slideshow=\"b57a497\" data-elementor-lightbox-title=\"Dodatek zane\u0328towy biszkopt 400g\" data-e-action-hash=\"#elementor-action%3Aaction%3Dlightbox%26settings%3DeyJpZCI6NDc4LCJ1cmwiOiJodHRwczpcL1wvYW5waW96YW5ldHkucGxcL3dwLWNvbnRlbnRcL3VwbG9hZHNcLzIwMjVcLzEyXC84ODYwNy1kb2RhdGVrLXphbmV0b3d5LWJpc3prb3B0LmpwZyIsInNsaWRlc2hvdyI6ImI1N2E0OTcifQ%3D%3D\" href='https:\/\/anpiozanety.pl\/wp-content\/uploads\/2025\/12\/88607-dodatek-zanetowy-biszkopt.jpg'><img loading=\"lazy\" decoding=\"async\" width=\"194\" height=\"300\" src=\"https:\/\/anpiozanety.pl\/wp-content\/uploads\/2025\/12\/88607-dodatek-zanetowy-biszkopt-194x300.jpg\" class=\"attachment-medium size-medium\" alt=\"\" aria-describedby=\"gallery-1-478\" srcset=\"https:\/\/anpiozanety.pl\/wp-content\/uploads\/2025\/12\/88607-dodatek-zanetowy-biszkopt-194x300.jpg 194w, https:\/\/anpiozanety.pl\/wp-content\/uploads\/2025\/12\/88607-dodatek-zanetowy-biszkopt.jpg 662w\" sizes=\"(max-width: 194px) 100vw, 194px\" \/><\/a>\n\t\t\t<\/div>\n\t\t\t\t<figcaption class='wp-caption-text gallery-caption' id='gallery-1-478'>\n\t\t\t\tBiszkopt\n\t\t\t\t<\/figcaption><\/figure><figure class='gallery-item'>\n\t\t\t<div class='gallery-icon portrait'>\n\t\t\t\t<a data-elementor-open-lightbox=\"yes\" data-elementor-lightbox-slideshow=\"b57a497\" data-elementor-lightbox-title=\"Dodatek zane\u0328towy bu\u0142ka praz\u0307ona 400g\" data-e-action-hash=\"#elementor-action%3Aaction%3Dlightbox%26settings%3DeyJpZCI6NDc5LCJ1cmwiOiJodHRwczpcL1wvYW5waW96YW5ldHkucGxcL3dwLWNvbnRlbnRcL3VwbG9hZHNcLzIwMjVcLzEyXC84ODYwNy1kb2RhdGVrLXphbmV0b3d5LWJ1bGthLXByYXpvbmEuanBnIiwic2xpZGVzaG93IjoiYjU3YTQ5NyJ9\" href='https:\/\/anpiozanety.pl\/wp-content\/uploads\/2025\/12\/88607-dodatek-zanetowy-bulka-prazona.jpg'><img loading=\"lazy\" decoding=\"async\" width=\"194\" height=\"300\" src=\"https:\/\/anpiozanety.pl\/wp-content\/uploads\/2025\/12\/88607-dodatek-zanetowy-bulka-prazona-194x300.jpg\" class=\"attachment-medium size-medium\" alt=\"\" aria-describedby=\"gallery-1-479\" srcset=\"https:\/\/anpiozanety.pl\/wp-content\/uploads\/2025\/12\/88607-dodatek-zanetowy-bulka-prazona-194x300.jpg 194w, https:\/\/anpiozanety.pl\/wp-content\/uploads\/2025\/12\/88607-dodatek-zanetowy-bulka-prazona.jpg 662w\" sizes=\"(max-width: 194px) 100vw, 194px\" \/><\/a>\n\t\t\t<\/div>\n\t\t\t\t<figcaption class='wp-caption-text gallery-caption' id='gallery-1-479'>\n\t\t\t\tBu\u0142ka pra\u017cona\n\t\t\t\t<\/figcaption><\/figure><figure class='gallery-item'>\n\t\t\t<div class='gallery-icon portrait'>\n\t\t\t\t<a data-elementor-open-lightbox=\"yes\" data-elementor-lightbox-slideshow=\"b57a497\" data-elementor-lightbox-title=\"Dodatek zane\u0328towy coco-belge 400g\" data-e-action-hash=\"#elementor-action%3Aaction%3Dlightbox%26settings%3DeyJpZCI6NDgwLCJ1cmwiOiJodHRwczpcL1wvYW5waW96YW5ldHkucGxcL3dwLWNvbnRlbnRcL3VwbG9hZHNcLzIwMjVcLzEyXC84ODYwNy1kb2RhdGVrLXphbmV0b3d5LWNvY28tYmVsZ2UuanBnIiwic2xpZGVzaG93IjoiYjU3YTQ5NyJ9\" href='https:\/\/anpiozanety.pl\/wp-content\/uploads\/2025\/12\/88607-dodatek-zanetowy-coco-belge.jpg'><img loading=\"lazy\" decoding=\"async\" width=\"194\" height=\"300\" src=\"https:\/\/anpiozanety.pl\/wp-content\/uploads\/2025\/12\/88607-dodatek-zanetowy-coco-belge-194x300.jpg\" class=\"attachment-medium size-medium\" alt=\"\" aria-describedby=\"gallery-1-480\" srcset=\"https:\/\/anpiozanety.pl\/wp-content\/uploads\/2025\/12\/88607-dodatek-zanetowy-coco-belge-194x300.jpg 194w, https:\/\/anpiozanety.pl\/wp-content\/uploads\/2025\/12\/88607-dodatek-zanetowy-coco-belge.jpg 662w\" sizes=\"(max-width: 194px) 100vw, 194px\" \/><\/a>\n\t\t\t<\/div>\n\t\t\t\t<figcaption class='wp-caption-text gallery-caption' id='gallery-1-480'>\n\t\t\t\tCoco-belge\n\t\t\t\t<\/figcaption><\/figure><figure class='gallery-item'>\n\t\t\t<div class='gallery-icon portrait'>\n\t\t\t\t<a data-elementor-open-lightbox=\"yes\" data-elementor-lightbox-slideshow=\"b57a497\" data-elementor-lightbox-title=\"Dodatek zane\u0328towy copra-melasse 400g\" data-e-action-hash=\"#elementor-action%3Aaction%3Dlightbox%26settings%3DeyJpZCI6NDgxLCJ1cmwiOiJodHRwczpcL1wvYW5waW96YW5ldHkucGxcL3dwLWNvbnRlbnRcL3VwbG9hZHNcLzIwMjVcLzEyXC84ODYwNy1kb2RhdGVrLXphbmV0b3d5LWNvcHJhLW1lbGFzc2UuanBnIiwic2xpZGVzaG93IjoiYjU3YTQ5NyJ9\" href='https:\/\/anpiozanety.pl\/wp-content\/uploads\/2025\/12\/88607-dodatek-zanetowy-copra-melasse.jpg'><img loading=\"lazy\" decoding=\"async\" width=\"194\" height=\"300\" src=\"https:\/\/anpiozanety.pl\/wp-content\/uploads\/2025\/12\/88607-dodatek-zanetowy-copra-melasse-194x300.jpg\" class=\"attachment-medium size-medium\" alt=\"\" aria-describedby=\"gallery-1-481\" srcset=\"https:\/\/anpiozanety.pl\/wp-content\/uploads\/2025\/12\/88607-dodatek-zanetowy-copra-melasse-194x300.jpg 194w, https:\/\/anpiozanety.pl\/wp-content\/uploads\/2025\/12\/88607-dodatek-zanetowy-copra-melasse.jpg 662w\" sizes=\"(max-width: 194px) 100vw, 194px\" \/><\/a>\n\t\t\t<\/div>\n\t\t\t\t<figcaption class='wp-caption-text gallery-caption' id='gallery-1-481'>\n\t\t\t\tCopra melasse\n\t\t\t\t<\/figcaption><\/figure><figure class='gallery-item'>\n\t\t\t<div class='gallery-icon portrait'>\n\t\t\t\t<a data-elementor-open-lightbox=\"yes\" data-elementor-lightbox-slideshow=\"b57a497\" data-elementor-lightbox-title=\"Dodatek zane\u0328towy klej PV-1 400g\" data-e-action-hash=\"#elementor-action%3Aaction%3Dlightbox%26settings%3DeyJpZCI6NDgyLCJ1cmwiOiJodHRwczpcL1wvYW5waW96YW5ldHkucGxcL3dwLWNvbnRlbnRcL3VwbG9hZHNcLzIwMjVcLzEyXC84ODYwNy1kb2RhdGVrLXphbmV0b3d5LWtsZWotUFYtMS5qcGciLCJzbGlkZXNob3ciOiJiNTdhNDk3In0%3D\" href='https:\/\/anpiozanety.pl\/wp-content\/uploads\/2025\/12\/88607-dodatek-zanetowy-klej-PV-1.jpg'><img loading=\"lazy\" decoding=\"async\" width=\"194\" height=\"300\" src=\"https:\/\/anpiozanety.pl\/wp-content\/uploads\/2025\/12\/88607-dodatek-zanetowy-klej-PV-1-194x300.jpg\" class=\"attachment-medium size-medium\" alt=\"\" aria-describedby=\"gallery-1-482\" srcset=\"https:\/\/anpiozanety.pl\/wp-content\/uploads\/2025\/12\/88607-dodatek-zanetowy-klej-PV-1-194x300.jpg 194w, https:\/\/anpiozanety.pl\/wp-content\/uploads\/2025\/12\/88607-dodatek-zanetowy-klej-PV-1.jpg 662w\" sizes=\"(max-width: 194px) 100vw, 194px\" \/><\/a>\n\t\t\t<\/div>\n\t\t\t\t<figcaption class='wp-caption-text gallery-caption' id='gallery-1-482'>\n\t\t\t\tKlej do zan\u0119t pv-1\n\t\t\t\t<\/figcaption><\/figure><figure class='gallery-item'>\n\t\t\t<div class='gallery-icon portrait'>\n\t\t\t\t<a data-elementor-open-lightbox=\"yes\" data-elementor-lightbox-slideshow=\"b57a497\" data-elementor-lightbox-title=\"Dodatek zane\u0328towy klej super mocny 400g\" data-e-action-hash=\"#elementor-action%3Aaction%3Dlightbox%26settings%3DeyJpZCI6NDgzLCJ1cmwiOiJodHRwczpcL1wvYW5waW96YW5ldHkucGxcL3dwLWNvbnRlbnRcL3VwbG9hZHNcLzIwMjVcLzEyXC84ODYwNy1kb2RhdGVrLXphbmV0b3d5LWtsZWotc3VwZXItbW9jbnkuanBnIiwic2xpZGVzaG93IjoiYjU3YTQ5NyJ9\" href='https:\/\/anpiozanety.pl\/wp-content\/uploads\/2025\/12\/88607-dodatek-zanetowy-klej-super-mocny.jpg'><img loading=\"lazy\" decoding=\"async\" width=\"194\" height=\"300\" src=\"https:\/\/anpiozanety.pl\/wp-content\/uploads\/2025\/12\/88607-dodatek-zanetowy-klej-super-mocny-194x300.jpg\" class=\"attachment-medium size-medium\" alt=\"\" aria-describedby=\"gallery-1-483\" srcset=\"https:\/\/anpiozanety.pl\/wp-content\/uploads\/2025\/12\/88607-dodatek-zanetowy-klej-super-mocny-194x300.jpg 194w, https:\/\/anpiozanety.pl\/wp-content\/uploads\/2025\/12\/88607-dodatek-zanetowy-klej-super-mocny.jpg 662w\" sizes=\"(max-width: 194px) 100vw, 194px\" \/><\/a>\n\t\t\t<\/div>\n\t\t\t\t<figcaption class='wp-caption-text gallery-caption' id='gallery-1-483'>\n\t\t\t\tKlej do zan\u0119t super mocny\n\t\t\t\t<\/figcaption><\/figure><figure class='gallery-item'>\n\t\t\t<div class='gallery-icon portrait'>\n\t\t\t\t<a data-elementor-open-lightbox=\"yes\" data-elementor-lightbox-slideshow=\"b57a497\" data-elementor-lightbox-title=\"Dodatek zane\u0328towy s\u0142onecznik praz\u0307ony 400g\" data-e-action-hash=\"#elementor-action%3Aaction%3Dlightbox%26settings%3DeyJpZCI6NDg0LCJ1cmwiOiJodHRwczpcL1wvYW5waW96YW5ldHkucGxcL3dwLWNvbnRlbnRcL3VwbG9hZHNcLzIwMjVcLzEyXC84ODYwNy1kb2RhdGVrLXphbmV0b3d5LXNsb25lY3puaWstcHJhem9ueS5qcGciLCJzbGlkZXNob3ciOiJiNTdhNDk3In0%3D\" href='https:\/\/anpiozanety.pl\/wp-content\/uploads\/2025\/12\/88607-dodatek-zanetowy-slonecznik-prazony.jpg'><img loading=\"lazy\" decoding=\"async\" width=\"194\" height=\"300\" src=\"https:\/\/anpiozanety.pl\/wp-content\/uploads\/2025\/12\/88607-dodatek-zanetowy-slonecznik-prazony-194x300.jpg\" class=\"attachment-medium size-medium\" alt=\"\" aria-describedby=\"gallery-1-484\" srcset=\"https:\/\/anpiozanety.pl\/wp-content\/uploads\/2025\/12\/88607-dodatek-zanetowy-slonecznik-prazony-194x300.jpg 194w, https:\/\/anpiozanety.pl\/wp-content\/uploads\/2025\/12\/88607-dodatek-zanetowy-slonecznik-prazony.jpg 662w\" sizes=\"(max-width: 194px) 100vw, 194px\" \/><\/a>\n\t\t\t<\/div>\n\t\t\t\t<figcaption class='wp-caption-text gallery-caption' id='gallery-1-484'>\n\t\t\t\tZ\u0142onecznik pra\u017cony\n\t\t\t\t<\/figcaption><\/figure><figure class='gallery-item'>\n\t\t\t<div class='gallery-icon portrait'>\n\t\t\t\t<a data-elementor-open-lightbox=\"yes\" data-elementor-lightbox-slideshow=\"b57a497\" data-elementor-lightbox-title=\"Dodatek zane\u0328towy p\u0142atki leszczowo-karpiowe 400g\" data-e-action-hash=\"#elementor-action%3Aaction%3Dlightbox%26settings%3DeyJpZCI6NDg1LCJ1cmwiOiJodHRwczpcL1wvYW5waW96YW5ldHkucGxcL3dwLWNvbnRlbnRcL3VwbG9hZHNcLzIwMjVcLzEyXC84ODYwNy1kb2RhdGVrLXphbmV0b3d5LXBsYXRraS1sZXN6Y3pvd28ta2FycGlvd2UuanBnIiwic2xpZGVzaG93IjoiYjU3YTQ5NyJ9\" href='https:\/\/anpiozanety.pl\/wp-content\/uploads\/2025\/12\/88607-dodatek-zanetowy-platki-leszczowo-karpiowe.jpg'><img loading=\"lazy\" decoding=\"async\" width=\"194\" height=\"300\" src=\"https:\/\/anpiozanety.pl\/wp-content\/uploads\/2025\/12\/88607-dodatek-zanetowy-platki-leszczowo-karpiowe-194x300.jpg\" class=\"attachment-medium size-medium\" alt=\"\" aria-describedby=\"gallery-1-485\" srcset=\"https:\/\/anpiozanety.pl\/wp-content\/uploads\/2025\/12\/88607-dodatek-zanetowy-platki-leszczowo-karpiowe-194x300.jpg 194w, https:\/\/anpiozanety.pl\/wp-content\/uploads\/2025\/12\/88607-dodatek-zanetowy-platki-leszczowo-karpiowe.jpg 662w\" sizes=\"(max-width: 194px) 100vw, 194px\" \/><\/a>\n\t\t\t<\/div>\n\t\t\t\t<figcaption class='wp-caption-text gallery-caption' id='gallery-1-485'>\n\t\t\t\tP\u0142atki leszczowo karpiowe\n\t\t\t\t<\/figcaption><\/figure>\n\t\t<\/div>\n\t\t<\/div>\n\t\t\t\t\t\t<\/div>\n\t\t\t\t\t<\/div>\n\t\t\t\t<\/div>\n\t\t\t\t<\/div>\n\t\t","protected":false},"excerpt":{"rendered":"<p>&nbsp;Profesjonalne dodatki zan\u0119towe Anpio stworzone dla w\u0119dkarzy, kt\u00f3rzy oczekuj\u0105 wi\u0119cej. Wzboga\u0107 zan\u0119t\u0119 o skuteczne sk\u0142adniki i dopasuj mieszank\u0119 do konkretnych gatunk\u00f3w ryb oraz warunk\u00f3w \u0142owiska, aby \u0142owi\u0107 szybciej, celniej i skuteczniej. Klej do zan\u0119t Konopie pra\u017cone Konopie ziarno M\u0105czka orzechowa M\u0105czka piernikowa Odchody go\u0142\u0119bie Arachid Biszkopt czekoladowy Biszkopt migda\u0142owy Biszkopt miodowy Biszkopt Bu\u0142ka pra\u017cona Coco-belge [&hellip;]<\/p>\n","protected":false},"author":1,"featured_media":0,"parent":0,"menu_order":0,"comment_status":"closed","ping_status":"closed","template":"page-no-title","meta":{"footnotes":""},"class_list":["post-466","page","type-page","status-publish","hentry"],"_links":{"self":[{"href":"https:\/\/anpiozanety.pl\/index.php?rest_route=\/wp\/v2\/pages\/466","targetHints":{"allow":["GET"]}}],"collection":[{"href":"https:\/\/anpiozanety.pl\/index.php?rest_route=\/wp\/v2\/pages"}],"about":[{"href":"https:\/\/anpiozanety.pl\/index.php?rest_route=\/wp\/v2\/types\/page"}],"author":[{"embeddable":true,"href":"https:\/\/anpiozanety.pl\/index.php?rest_route=\/wp\/v2\/users\/1"}],"replies":[{"embeddable":true,"href":"https:\/\/anpiozanety.pl\/index.php?rest_route=%2Fwp%2Fv2%2Fcomments&post=466"}],"version-history":[{"count":8,"href":"https:\/\/anpiozanety.pl\/index.php?rest_route=\/wp\/v2\/pages\/466\/revisions"}],"predecessor-version":[{"id":499,"href":"https:\/\/anpiozanety.pl\/index.php?rest_route=\/wp\/v2\/pages\/466\/revisions\/499"}],"wp:attachment":[{"href":"https:\/\/anpiozanety.pl\/index.php?rest_route=%2Fwp%2Fv2%2Fmedia&parent=466"}],"curies":[{"name":"wp","href":"https:\/\/api.w.org\/{rel}","templated":true}]}}