{"id":38,"date":"2025-12-10T20:59:33","date_gmt":"2025-12-10T19:59:33","guid":{"rendered":"https:\/\/anpiozanety.pl\/?page_id=38"},"modified":"2026-01-07T21:21:19","modified_gmt":"2026-01-07T20:21:19","slug":"strona-glowna","status":"publish","type":"page","link":"https:\/\/anpiozanety.pl\/","title":{"rendered":"Strona g\u0142\u00f3wna"},"content":{"rendered":"\t\t<div data-elementor-type=\"wp-page\" data-elementor-id=\"38\" class=\"elementor elementor-38\">\n\t\t\t\t<div class=\"elementor-element elementor-element-710b696 e-con-full e-flex e-con e-parent\" data-id=\"710b696\" data-element_type=\"container\">\n\t\t\t\t<div class=\"elementor-element elementor-element-4499f1e bdt-ps-blur-effect--yes elementor-widget elementor-widget-prime-slider-dragon\" data-id=\"4499f1e\" data-element_type=\"widget\" data-widget_type=\"prime-slider-dragon.default\">\n\t\t\t\t\t\t\t<div class=\"bdt-prime-slider\">\n\t\t\t<div class=\"bdt-prime-slider-dragon\">\n\t\t\t\t<div class=\"bdt-position-relative bdt-visible-toggle\" data-settings=\"{&quot;id&quot;:&quot;#bdt-4499f1e&quot;,&quot;animation_status&quot;:&quot;no&quot;}\" id=\"bdt-4499f1e\" bdt-slideshow=\"{&quot;animation&quot;:&quot;fade&quot;,&quot;ratio&quot;:&quot;25:12&quot;,&quot;min-height&quot;:50,&quot;autoplay&quot;:true,&quot;autoplay-interval&quot;:10000,&quot;pause-on-hover&quot;:false,&quot;velocity&quot;:1,&quot;finite&quot;:false}\">\n\t\t\t\t\t<ul class=\"bdt-slideshow-items\">\n\t\t\t\t\t\t\t\t<li class=\"bdt-slideshow-item bdt-flex bdt-flex-middle elementor-repeater-item-84a7380\">\n\n\t\t\t<div class=\"bdt-ps-dragon-bg\">\n\t\t\t\t\n\t\t\t\t\t\t<div class=\"bdt-ps-slide-img\"\n\t\t\t\t\t\t\tstyle=\"background-image: url('https:\/\/anpiozanety.pl\/wp-content\/uploads\/2025\/12\/AdobeStock_314329358-1-scaled.jpeg')\"><\/div>\n\n\t\t\t\t\t\t\t\t\t<\/div>\n\n\t\t\t<div class=\"bdt-ps-dragon-slide-image\">\n\t\t\t\t\n\t\t\t\t\t\t<div class=\"bdt-ps-slide-img\"\n\t\t\t\t\t\t\tstyle=\"background-image: url('https:\/\/anpiozanety.pl\/wp-content\/uploads\/2025\/12\/AdobeStock_314329358-1-scaled.jpeg')\"><\/div>\n\n\t\t\t\t\t\t\t\t\t<\/div>\n\n\t\t\t\t\t\t\n\t\t\t\t\t<div class=\"bdt-prime-slider-wrapper\">\n\t\t\t<div class=\"bdt-prime-slider-content\">\n\n\t\t\t\t\n\t\t\t\t\t\t\t\t\t<div class=\"bdt-main-title\">\n\t\t\t\t\t\t<h1 class=\"bdt-title-tag\" data-bdt-slideshow-parallax=\"x: 200,-200; opacity: 1,1,0\"  data-reveal=\"reveal-active\">\n\t\t\t\t\t\t\t\t\t\t\t\t\t\t\t<span class=\"frist-word\">Najlepsze<\/span> zan\u0119ty na karpia\t\t\t\t\t\t\t\t\t\t\t\t\t\t<\/h1>\n\t\t\t\t\t<\/div>\n\t\t\t\t\n\t\t\t\t\t\t\t\t\t<div class=\"bdt-slider-excerpt\" data-reveal=\"reveal-active\" data-bdt-slideshow-parallax=\"x: 300,-300; opacity: 1,1,0\">\n\t\t\t\t\t\t<p>Jak najlepiej \u0142owi\u0107 karpie.<\/p>\t\t\t\t\t<\/div>\n\t\t\t\t\n\t\t\t\t<div data-bdt-slideshow-parallax=\"x: 400,-400; opacity: 1,1,0\">\n\t\t\t\t\t\n\t\t\t\t\t\t<\/div>\n\t\t\t\t\t\n\t\t\t<\/div>\n\t\t<\/div>\n        \n\t\t<\/li>\n        \t\t<li class=\"bdt-slideshow-item bdt-flex bdt-flex-middle elementor-repeater-item-c928701\">\n\n\t\t\t<div class=\"bdt-ps-dragon-bg\">\n\t\t\t\t\n\t\t\t\t\t\t<div class=\"bdt-ps-slide-img\"\n\t\t\t\t\t\t\tstyle=\"background-image: url('https:\/\/anpiozanety.pl\/wp-content\/uploads\/2025\/12\/AdobeStock_140488506-scaled.jpeg')\"><\/div>\n\n\t\t\t\t\t\t\t\t\t<\/div>\n\n\t\t\t<div class=\"bdt-ps-dragon-slide-image\">\n\t\t\t\t\n\t\t\t\t\t\t<div class=\"bdt-ps-slide-img\"\n\t\t\t\t\t\t\tstyle=\"background-image: url('https:\/\/anpiozanety.pl\/wp-content\/uploads\/2025\/12\/AdobeStock_140488506-scaled.jpeg')\"><\/div>\n\n\t\t\t\t\t\t\t\t\t<\/div>\n\n\t\t\t\t\t\t\n\t\t\t\t\t<div class=\"bdt-prime-slider-wrapper\">\n\t\t\t<div class=\"bdt-prime-slider-content\">\n\n\t\t\t\t\n\t\t\t\t\n\t\t\t\t\n\t\t\t\t<div data-bdt-slideshow-parallax=\"x: 400,-400; opacity: 1,1,0\">\n\t\t\t\t\t\n\t\t\t\t\t\t<\/div>\n\t\t\t\t\t\n\t\t\t<\/div>\n\t\t<\/div>\n        \n\t\t<\/li>\n        \t\t<li class=\"bdt-slideshow-item bdt-flex bdt-flex-middle elementor-repeater-item-f3f4717\">\n\n\t\t\t<div class=\"bdt-ps-dragon-bg\">\n\t\t\t\t\n\t\t\t\t\t\t<div class=\"bdt-ps-slide-img\"\n\t\t\t\t\t\t\tstyle=\"background-image: url('https:\/\/anpiozanety.pl\/wp-content\/uploads\/2025\/12\/AdobeStock_167038087-scaled.jpeg')\"><\/div>\n\n\t\t\t\t\t\t\t\t\t<\/div>\n\n\t\t\t<div class=\"bdt-ps-dragon-slide-image\">\n\t\t\t\t\n\t\t\t\t\t\t<div class=\"bdt-ps-slide-img\"\n\t\t\t\t\t\t\tstyle=\"background-image: url('https:\/\/anpiozanety.pl\/wp-content\/uploads\/2025\/12\/AdobeStock_167038087-scaled.jpeg')\"><\/div>\n\n\t\t\t\t\t\t\t\t\t<\/div>\n\n\t\t\t\t\t\t\n\t\t\t\t\t<div class=\"bdt-prime-slider-wrapper\">\n\t\t\t<div class=\"bdt-prime-slider-content\">\n\n\t\t\t\t\n\t\t\t\t\n\t\t\t\t\n\t\t\t\t<div data-bdt-slideshow-parallax=\"x: 400,-400; opacity: 1,1,0\">\n\t\t\t\t\t\n\t\t\t\t\t\t<\/div>\n\t\t\t\t\t\n\t\t\t<\/div>\n\t\t<\/div>\n        \n\t\t<\/li>\n        \n\t\t\t\t\t<\/ul>\n\n\t\t\t\t\t            \n                <ul class=\"bdt-slideshow-nav bdt-dotnav bdt-dotnav-vertical reveal-muted\">\n\n                                        <li bdt-slideshow-item=\"0\" data-label=\"01\" ><a href=\"#\"><\/a><\/li>\n                                        <li bdt-slideshow-item=\"1\" data-label=\"02\" ><a href=\"#\"><\/a><\/li>\n                                        <li bdt-slideshow-item=\"2\" data-label=\"03\" ><a href=\"#\"><\/a><\/li>\n                                        \n                <\/ul>\n\n            \n        \t\t\t\t\t\n\t\t\t\t<\/div>\n\t\t\t\t\t\t\t<\/div>\n\t\t<\/div>\n        \t\t\t\t<\/div>\n\t\t\t\t<\/div>\n\t\t<div class=\"elementor-element elementor-element-3732da2 e-grid e-con-boxed e-con e-parent\" data-id=\"3732da2\" data-element_type=\"container\">\n\t\t\t\t\t<div class=\"e-con-inner\">\n\t\t\t\t<div class=\"elementor-element elementor-element-0b625d8 elementor-widget elementor-widget-image\" data-id=\"0b625d8\" data-element_type=\"widget\" data-widget_type=\"image.default\">\n\t\t\t\t\t\t\t\t\t\t\t\t\t\t\t<img fetchpriority=\"high\" decoding=\"async\" width=\"800\" height=\"800\" src=\"https:\/\/anpiozanety.pl\/wp-content\/uploads\/2025\/12\/dumbles-logo-1024x1024.png\" class=\"attachment-large size-large wp-image-76\" alt=\"\" srcset=\"https:\/\/anpiozanety.pl\/wp-content\/uploads\/2025\/12\/dumbles-logo-1024x1024.png 1024w, https:\/\/anpiozanety.pl\/wp-content\/uploads\/2025\/12\/dumbles-logo-300x300.png 300w, https:\/\/anpiozanety.pl\/wp-content\/uploads\/2025\/12\/dumbles-logo-150x150.png 150w, https:\/\/anpiozanety.pl\/wp-content\/uploads\/2025\/12\/dumbles-logo-768x768.png 768w, https:\/\/anpiozanety.pl\/wp-content\/uploads\/2025\/12\/dumbles-logo.png 1080w\" sizes=\"(max-width: 800px) 100vw, 800px\" \/>\t\t\t\t\t\t\t\t\t\t\t\t\t\t\t<\/div>\n\t\t\t\t<div class=\"elementor-element elementor-element-5f41acc elementor-widget elementor-widget-image\" data-id=\"5f41acc\" data-element_type=\"widget\" data-widget_type=\"image.default\">\n\t\t\t\t\t\t\t\t\t\t\t\t\t\t\t<img decoding=\"async\" width=\"800\" height=\"800\" src=\"https:\/\/anpiozanety.pl\/wp-content\/uploads\/2026\/01\/Projekt-bez-nazwy-36-1024x1024.png\" class=\"attachment-large size-large wp-image-5148\" alt=\"\" srcset=\"https:\/\/anpiozanety.pl\/wp-content\/uploads\/2026\/01\/Projekt-bez-nazwy-36-1024x1024.png 1024w, https:\/\/anpiozanety.pl\/wp-content\/uploads\/2026\/01\/Projekt-bez-nazwy-36-300x300.png 300w, https:\/\/anpiozanety.pl\/wp-content\/uploads\/2026\/01\/Projekt-bez-nazwy-36-150x150.png 150w, https:\/\/anpiozanety.pl\/wp-content\/uploads\/2026\/01\/Projekt-bez-nazwy-36-768x768.png 768w, https:\/\/anpiozanety.pl\/wp-content\/uploads\/2026\/01\/Projekt-bez-nazwy-36.png 1080w\" sizes=\"(max-width: 800px) 100vw, 800px\" \/>\t\t\t\t\t\t\t\t\t\t\t\t\t\t\t<\/div>\n\t\t\t\t<div class=\"elementor-element elementor-element-3c5578c elementor-widget elementor-widget-image\" data-id=\"3c5578c\" data-element_type=\"widget\" data-widget_type=\"image.default\">\n\t\t\t\t\t\t\t\t\t\t\t\t\t\t\t<img decoding=\"async\" width=\"800\" height=\"800\" src=\"https:\/\/anpiozanety.pl\/wp-content\/uploads\/2026\/01\/Projekt-bez-nazwy-38-1024x1024.png\" class=\"attachment-large size-large wp-image-5150\" alt=\"\" srcset=\"https:\/\/anpiozanety.pl\/wp-content\/uploads\/2026\/01\/Projekt-bez-nazwy-38-1024x1024.png 1024w, https:\/\/anpiozanety.pl\/wp-content\/uploads\/2026\/01\/Projekt-bez-nazwy-38-300x300.png 300w, https:\/\/anpiozanety.pl\/wp-content\/uploads\/2026\/01\/Projekt-bez-nazwy-38-150x150.png 150w, https:\/\/anpiozanety.pl\/wp-content\/uploads\/2026\/01\/Projekt-bez-nazwy-38-768x768.png 768w, https:\/\/anpiozanety.pl\/wp-content\/uploads\/2026\/01\/Projekt-bez-nazwy-38.png 1080w\" sizes=\"(max-width: 800px) 100vw, 800px\" \/>\t\t\t\t\t\t\t\t\t\t\t\t\t\t\t<\/div>\n\t\t\t\t\t<\/div>\n\t\t\t\t<\/div>\n\t\t<div class=\"elementor-element elementor-element-2776ad5 e-grid e-con-boxed e-con e-parent\" data-id=\"2776ad5\" data-element_type=\"container\">\n\t\t\t\t\t<div class=\"e-con-inner\">\n\t\t\t\t<div class=\"elementor-element elementor-element-b5972fc elementor-widget elementor-widget-heading\" data-id=\"b5972fc\" data-element_type=\"widget\" data-widget_type=\"heading.default\">\n\t\t\t\t\t<h2 class=\"elementor-heading-title elementor-size-default\">Waftersy<\/h2>\t\t\t\t<\/div>\n\t\t\t\t<div class=\"elementor-element elementor-element-dfb9f63 elementor-widget elementor-widget-heading\" data-id=\"dfb9f63\" data-element_type=\"widget\" data-widget_type=\"heading.default\">\n\t\t\t\t\t<h2 class=\"elementor-heading-title elementor-size-default\">Method pellet<\/h2>\t\t\t\t<\/div>\n\t\t\t\t<div class=\"elementor-element elementor-element-827601d elementor-widget elementor-widget-heading\" data-id=\"827601d\" data-element_type=\"widget\" data-widget_type=\"heading.default\">\n\t\t\t\t\t<h2 class=\"elementor-heading-title elementor-size-default\">Zan\u0119ty<\/h2>\t\t\t\t<\/div>\n\t\t\t\t\t<\/div>\n\t\t\t\t<\/div>\n\t\t<div class=\"elementor-element elementor-element-d91f118 e-con-full e-flex e-con e-parent\" data-id=\"d91f118\" data-element_type=\"container\">\n\t\t<div class=\"elementor-element elementor-element-015e13f e-flex e-con-boxed e-con e-child\" data-id=\"015e13f\" data-element_type=\"container\">\n\t\t\t\t\t<div class=\"e-con-inner\">\n\t\t\t\t\t<\/div>\n\t\t\t\t<\/div>\n\t\t\t\t<\/div>\n\t\t\t\t<\/div>\n\t\t","protected":false},"excerpt":{"rendered":"<p>Najlepsze zan\u0119ty na karpia Jak najlepiej \u0142owi\u0107 karpie. Waftersy Method pellet Zan\u0119ty<\/p>\n","protected":false},"author":1,"featured_media":0,"parent":0,"menu_order":0,"comment_status":"closed","ping_status":"closed","template":"","meta":{"footnotes":""},"class_list":["post-38","page","type-page","status-publish","hentry"],"_links":{"self":[{"href":"https:\/\/anpiozanety.pl\/index.php?rest_route=\/wp\/v2\/pages\/38","targetHints":{"allow":["GET"]}}],"collection":[{"href":"https:\/\/anpiozanety.pl\/index.php?rest_route=\/wp\/v2\/pages"}],"about":[{"href":"https:\/\/anpiozanety.pl\/index.php?rest_route=\/wp\/v2\/types\/page"}],"author":[{"embeddable":true,"href":"https:\/\/anpiozanety.pl\/index.php?rest_route=\/wp\/v2\/users\/1"}],"replies":[{"embeddable":true,"href":"https:\/\/anpiozanety.pl\/index.php?rest_route=%2Fwp%2Fv2%2Fcomments&post=38"}],"version-history":[{"count":45,"href":"https:\/\/anpiozanety.pl\/index.php?rest_route=\/wp\/v2\/pages\/38\/revisions"}],"predecessor-version":[{"id":5165,"href":"https:\/\/anpiozanety.pl\/index.php?rest_route=\/wp\/v2\/pages\/38\/revisions\/5165"}],"wp:attachment":[{"href":"https:\/\/anpiozanety.pl\/index.php?rest_route=%2Fwp%2Fv2%2Fmedia&parent=38"}],"curies":[{"name":"wp","href":"https:\/\/api.w.org\/{rel}","templated":true}]}}