{"id":300,"date":"2025-12-14T20:43:09","date_gmt":"2025-12-14T19:43:09","guid":{"rendered":"https:\/\/anpiozanety.pl\/?page_id=300"},"modified":"2025-12-14T22:51:30","modified_gmt":"2025-12-14T21:51:30","slug":"granulat-6mm","status":"publish","type":"page","link":"https:\/\/anpiozanety.pl\/?page_id=300","title":{"rendered":"Granulat 6mm"},"content":{"rendered":"\t\t<div data-elementor-type=\"wp-page\" data-elementor-id=\"300\" class=\"elementor elementor-300\">\n\t\t\t\t<div class=\"elementor-element elementor-element-df091ca e-flex e-con-boxed e-con e-parent\" data-id=\"df091ca\" data-element_type=\"container\">\n\t\t\t\t\t<div class=\"e-con-inner\">\n\t\t\t\t<div class=\"elementor-element elementor-element-f262422 elementor-widget elementor-widget-text-editor\" data-id=\"f262422\" data-element_type=\"widget\" data-widget_type=\"text-editor.default\">\n\t\t\t\t\t\t\t\t\t<p><\/p>\n<p>&nbsp;Wysokiej jako\u015bci granulat zan\u0119towy o zr\u00f3\u017cnicowanych smakach, przeznaczony do po\u0142owu ryb karpiowatych. Doskonale sprawdza si\u0119 zar\u00f3wno jako dodatek do klasycznej zan\u0119ty, jak i do bezpo\u015bredniego n\u0119cenia \u0142owiska samym granulatem. Odpowiednio dobrana struktura i wielko\u015b\u0107 <strong>6 mm<\/strong> zapewniaj\u0105 stopniowe uwalnianie aromatu, skutecznie wabi\u0105c ryby i utrzymuj\u0105c je w miejscu n\u0119cenia. Idealny wyb\u00f3r dla w\u0119dkarzy ceni\u0105cych skuteczno\u015b\u0107 i uniwersalno\u015b\u0107 zan\u0119ty. Wielo\u015b\u0107 opakowania <strong>1 kg<\/strong>.<\/p>\n<p><\/p>\t\t\t\t\t\t\t\t<\/div>\n\t\t\t\t\t<\/div>\n\t\t\t\t<\/div>\n\t\t<div class=\"elementor-element elementor-element-ef8a835 e-flex e-con-boxed e-con e-parent\" data-id=\"ef8a835\" data-element_type=\"container\">\n\t\t\t\t\t<div class=\"e-con-inner\">\n\t\t\t\t<div class=\"elementor-element elementor-element-952c9ec elementor-widget elementor-widget-image-gallery\" data-id=\"952c9ec\" data-element_type=\"widget\" data-widget_type=\"image-gallery.default\">\n\t\t\t\t\t\t\t<div class=\"elementor-image-gallery\">\n\t\t\t<div id='gallery-1' class='gallery galleryid-300 gallery-columns-3 gallery-size-medium'><figure class='gallery-item'>\n\t\t\t<div class='gallery-icon portrait'>\n\t\t\t\t<a data-elementor-open-lightbox=\"yes\" data-elementor-lightbox-slideshow=\"952c9ec\" data-elementor-lightbox-title=\"Granulat 6 mm wanilia 1 kg\" data-e-action-hash=\"#elementor-action%3Aaction%3Dlightbox%26settings%3DeyJpZCI6MzA3LCJ1cmwiOiJodHRwczpcL1wvYW5waW96YW5ldHkucGxcL3dwLWNvbnRlbnRcL3VwbG9hZHNcLzIwMjVcLzEyXC93YW5pbGlhLmpwZyIsInNsaWRlc2hvdyI6Ijk1MmM5ZWMifQ%3D%3D\" href='https:\/\/anpiozanety.pl\/wp-content\/uploads\/2025\/12\/wanilia.jpg'><img fetchpriority=\"high\" decoding=\"async\" width=\"193\" height=\"300\" src=\"https:\/\/anpiozanety.pl\/wp-content\/uploads\/2025\/12\/wanilia-193x300.jpg\" class=\"attachment-medium size-medium\" alt=\"\" aria-describedby=\"gallery-1-307\" srcset=\"https:\/\/anpiozanety.pl\/wp-content\/uploads\/2025\/12\/wanilia-193x300.jpg 193w, https:\/\/anpiozanety.pl\/wp-content\/uploads\/2025\/12\/wanilia.jpg 660w\" sizes=\"(max-width: 193px) 100vw, 193px\" \/><\/a>\n\t\t\t<\/div>\n\t\t\t\t<figcaption class='wp-caption-text gallery-caption' id='gallery-1-307'>\n\t\t\t\tWanilia\n\t\t\t\t<\/figcaption><\/figure><figure class='gallery-item'>\n\t\t\t<div class='gallery-icon portrait'>\n\t\t\t\t<a data-elementor-open-lightbox=\"yes\" data-elementor-lightbox-slideshow=\"952c9ec\" data-elementor-lightbox-title=\"Granulat 6 mm truskawka 1 kg\" data-e-action-hash=\"#elementor-action%3Aaction%3Dlightbox%26settings%3DeyJpZCI6MzE0LCJ1cmwiOiJodHRwczpcL1wvYW5waW96YW5ldHkucGxcL3dwLWNvbnRlbnRcL3VwbG9hZHNcLzIwMjVcLzEyXC90cnVza2F3a2EuanBnIiwic2xpZGVzaG93IjoiOTUyYzllYyJ9\" href='https:\/\/anpiozanety.pl\/wp-content\/uploads\/2025\/12\/truskawka.jpg'><img decoding=\"async\" width=\"196\" height=\"300\" src=\"https:\/\/anpiozanety.pl\/wp-content\/uploads\/2025\/12\/truskawka-196x300.jpg\" class=\"attachment-medium size-medium\" alt=\"\" aria-describedby=\"gallery-1-314\" srcset=\"https:\/\/anpiozanety.pl\/wp-content\/uploads\/2025\/12\/truskawka-196x300.jpg 196w, https:\/\/anpiozanety.pl\/wp-content\/uploads\/2025\/12\/truskawka.jpg 670w\" sizes=\"(max-width: 196px) 100vw, 196px\" \/><\/a>\n\t\t\t<\/div>\n\t\t\t\t<figcaption class='wp-caption-text gallery-caption' id='gallery-1-314'>\n\t\t\t\tTruskawka\n\t\t\t\t<\/figcaption><\/figure><figure class='gallery-item'>\n\t\t\t<div class='gallery-icon portrait'>\n\t\t\t\t<a data-elementor-open-lightbox=\"yes\" data-elementor-lightbox-slideshow=\"952c9ec\" data-elementor-lightbox-title=\"Granulat 6 mm marcepan 1 kg\" data-e-action-hash=\"#elementor-action%3Aaction%3Dlightbox%26settings%3DeyJpZCI6MzEyLCJ1cmwiOiJodHRwczpcL1wvYW5waW96YW5ldHkucGxcL3dwLWNvbnRlbnRcL3VwbG9hZHNcLzIwMjVcLzEyXC9tYXJjZXBhbi5qcGciLCJzbGlkZXNob3ciOiI5NTJjOWVjIn0%3D\" href='https:\/\/anpiozanety.pl\/wp-content\/uploads\/2025\/12\/marcepan.jpg'><img decoding=\"async\" width=\"188\" height=\"300\" src=\"https:\/\/anpiozanety.pl\/wp-content\/uploads\/2025\/12\/marcepan-188x300.jpg\" class=\"attachment-medium size-medium\" alt=\"\" aria-describedby=\"gallery-1-312\" srcset=\"https:\/\/anpiozanety.pl\/wp-content\/uploads\/2025\/12\/marcepan-188x300.jpg 188w, https:\/\/anpiozanety.pl\/wp-content\/uploads\/2025\/12\/marcepan.jpg 643w\" sizes=\"(max-width: 188px) 100vw, 188px\" \/><\/a>\n\t\t\t<\/div>\n\t\t\t\t<figcaption class='wp-caption-text gallery-caption' id='gallery-1-312'>\n\t\t\t\tMarcepan\n\t\t\t\t<\/figcaption><\/figure><figure class='gallery-item'>\n\t\t\t<div class='gallery-icon portrait'>\n\t\t\t\t<a data-elementor-open-lightbox=\"yes\" data-elementor-lightbox-slideshow=\"952c9ec\" data-elementor-lightbox-title=\"Granulat 6 mm orzech tygrysi 1 kg\" data-e-action-hash=\"#elementor-action%3Aaction%3Dlightbox%26settings%3DeyJpZCI6MzA4LCJ1cmwiOiJodHRwczpcL1wvYW5waW96YW5ldHkucGxcL3dwLWNvbnRlbnRcL3VwbG9hZHNcLzIwMjVcLzEyXC9vcnplY2gtdHlncnlzaS5qcGciLCJzbGlkZXNob3ciOiI5NTJjOWVjIn0%3D\" href='https:\/\/anpiozanety.pl\/wp-content\/uploads\/2025\/12\/orzech-tygrysi.jpg'><img loading=\"lazy\" decoding=\"async\" width=\"198\" height=\"300\" src=\"https:\/\/anpiozanety.pl\/wp-content\/uploads\/2025\/12\/orzech-tygrysi-198x300.jpg\" class=\"attachment-medium size-medium\" alt=\"\" aria-describedby=\"gallery-1-308\" srcset=\"https:\/\/anpiozanety.pl\/wp-content\/uploads\/2025\/12\/orzech-tygrysi-198x300.jpg 198w, https:\/\/anpiozanety.pl\/wp-content\/uploads\/2025\/12\/orzech-tygrysi.jpg 675w\" sizes=\"(max-width: 198px) 100vw, 198px\" \/><\/a>\n\t\t\t<\/div>\n\t\t\t\t<figcaption class='wp-caption-text gallery-caption' id='gallery-1-308'>\n\t\t\t\tOrzech tygrysi\n\t\t\t\t<\/figcaption><\/figure><figure class='gallery-item'>\n\t\t\t<div class='gallery-icon portrait'>\n\t\t\t\t<a data-elementor-open-lightbox=\"yes\" data-elementor-lightbox-slideshow=\"952c9ec\" data-elementor-lightbox-title=\"Granulat 6 mm piernik 1 kg\" data-e-action-hash=\"#elementor-action%3Aaction%3Dlightbox%26settings%3DeyJpZCI6MzA5LCJ1cmwiOiJodHRwczpcL1wvYW5waW96YW5ldHkucGxcL3dwLWNvbnRlbnRcL3VwbG9hZHNcLzIwMjVcLzEyXC9waWVybmlrLmpwZyIsInNsaWRlc2hvdyI6Ijk1MmM5ZWMifQ%3D%3D\" href='https:\/\/anpiozanety.pl\/wp-content\/uploads\/2025\/12\/piernik.jpg'><img loading=\"lazy\" decoding=\"async\" width=\"189\" height=\"300\" src=\"https:\/\/anpiozanety.pl\/wp-content\/uploads\/2025\/12\/piernik-189x300.jpg\" class=\"attachment-medium size-medium\" alt=\"\" aria-describedby=\"gallery-1-309\" srcset=\"https:\/\/anpiozanety.pl\/wp-content\/uploads\/2025\/12\/piernik-189x300.jpg 189w, https:\/\/anpiozanety.pl\/wp-content\/uploads\/2025\/12\/piernik.jpg 645w\" sizes=\"(max-width: 189px) 100vw, 189px\" \/><\/a>\n\t\t\t<\/div>\n\t\t\t\t<figcaption class='wp-caption-text gallery-caption' id='gallery-1-309'>\n\t\t\t\tPiernik\n\t\t\t\t<\/figcaption><\/figure><figure class='gallery-item'>\n\t\t\t<div class='gallery-icon portrait'>\n\t\t\t\t<a data-elementor-open-lightbox=\"yes\" data-elementor-lightbox-slideshow=\"952c9ec\" data-elementor-lightbox-title=\"Granulat 6 mm fish-mix 1 kg\" data-e-action-hash=\"#elementor-action%3Aaction%3Dlightbox%26settings%3DeyJpZCI6MzEwLCJ1cmwiOiJodHRwczpcL1wvYW5waW96YW5ldHkucGxcL3dwLWNvbnRlbnRcL3VwbG9hZHNcLzIwMjVcLzEyXC9maXNoLW1peC5qcGciLCJzbGlkZXNob3ciOiI5NTJjOWVjIn0%3D\" href='https:\/\/anpiozanety.pl\/wp-content\/uploads\/2025\/12\/fish-mix.jpg'><img loading=\"lazy\" decoding=\"async\" width=\"191\" height=\"300\" src=\"https:\/\/anpiozanety.pl\/wp-content\/uploads\/2025\/12\/fish-mix-191x300.jpg\" class=\"attachment-medium size-medium\" alt=\"\" aria-describedby=\"gallery-1-310\" srcset=\"https:\/\/anpiozanety.pl\/wp-content\/uploads\/2025\/12\/fish-mix-191x300.jpg 191w, https:\/\/anpiozanety.pl\/wp-content\/uploads\/2025\/12\/fish-mix.jpg 651w\" sizes=\"(max-width: 191px) 100vw, 191px\" \/><\/a>\n\t\t\t<\/div>\n\t\t\t\t<figcaption class='wp-caption-text gallery-caption' id='gallery-1-310'>\n\t\t\t\tFish-mix\n\t\t\t\t<\/figcaption><\/figure><figure class='gallery-item'>\n\t\t\t<div class='gallery-icon portrait'>\n\t\t\t\t<a data-elementor-open-lightbox=\"yes\" data-elementor-lightbox-slideshow=\"952c9ec\" data-elementor-lightbox-title=\"Granulat 6 mm halibut 1 kg\" data-e-action-hash=\"#elementor-action%3Aaction%3Dlightbox%26settings%3DeyJpZCI6MzExLCJ1cmwiOiJodHRwczpcL1wvYW5waW96YW5ldHkucGxcL3dwLWNvbnRlbnRcL3VwbG9hZHNcLzIwMjVcLzEyXC9oYWxpYnV0LmpwZyIsInNsaWRlc2hvdyI6Ijk1MmM5ZWMifQ%3D%3D\" href='https:\/\/anpiozanety.pl\/wp-content\/uploads\/2025\/12\/halibut.jpg'><img loading=\"lazy\" decoding=\"async\" width=\"191\" height=\"300\" src=\"https:\/\/anpiozanety.pl\/wp-content\/uploads\/2025\/12\/halibut-191x300.jpg\" class=\"attachment-medium size-medium\" alt=\"\" aria-describedby=\"gallery-1-311\" srcset=\"https:\/\/anpiozanety.pl\/wp-content\/uploads\/2025\/12\/halibut-191x300.jpg 191w, https:\/\/anpiozanety.pl\/wp-content\/uploads\/2025\/12\/halibut.jpg 652w\" sizes=\"(max-width: 191px) 100vw, 191px\" \/><\/a>\n\t\t\t<\/div>\n\t\t\t\t<figcaption class='wp-caption-text gallery-caption' id='gallery-1-311'>\n\t\t\t\tHalibut\n\t\t\t\t<\/figcaption><\/figure><figure class='gallery-item'>\n\t\t\t<div class='gallery-icon portrait'>\n\t\t\t\t<a data-elementor-open-lightbox=\"yes\" data-elementor-lightbox-slideshow=\"952c9ec\" data-elementor-lightbox-title=\"Granulat 6 mm poziomka 1 kg\" data-e-action-hash=\"#elementor-action%3Aaction%3Dlightbox%26settings%3DeyJpZCI6MzEzLCJ1cmwiOiJodHRwczpcL1wvYW5waW96YW5ldHkucGxcL3dwLWNvbnRlbnRcL3VwbG9hZHNcLzIwMjVcLzEyXC9wb3ppb21rYS0xLmpwZyIsInNsaWRlc2hvdyI6Ijk1MmM5ZWMifQ%3D%3D\" href='https:\/\/anpiozanety.pl\/wp-content\/uploads\/2025\/12\/poziomka-1.jpg'><img loading=\"lazy\" decoding=\"async\" width=\"196\" height=\"300\" src=\"https:\/\/anpiozanety.pl\/wp-content\/uploads\/2025\/12\/poziomka-1-196x300.jpg\" class=\"attachment-medium size-medium\" alt=\"\" aria-describedby=\"gallery-1-313\" srcset=\"https:\/\/anpiozanety.pl\/wp-content\/uploads\/2025\/12\/poziomka-1-196x300.jpg 196w, https:\/\/anpiozanety.pl\/wp-content\/uploads\/2025\/12\/poziomka-1.jpg 670w\" sizes=\"(max-width: 196px) 100vw, 196px\" \/><\/a>\n\t\t\t<\/div>\n\t\t\t\t<figcaption class='wp-caption-text gallery-caption' id='gallery-1-313'>\n\t\t\t\tPoziomka\n\t\t\t\t<\/figcaption><\/figure><figure class='gallery-item'>\n\t\t\t<div class='gallery-icon portrait'>\n\t\t\t\t<a data-elementor-open-lightbox=\"yes\" data-elementor-lightbox-slideshow=\"952c9ec\" data-elementor-lightbox-title=\"Granulat 6 mm mi\u00f3d 1 kg\" data-e-action-hash=\"#elementor-action%3Aaction%3Dlightbox%26settings%3DeyJpZCI6MzE2LCJ1cmwiOiJodHRwczpcL1wvYW5waW96YW5ldHkucGxcL3dwLWNvbnRlbnRcL3VwbG9hZHNcLzIwMjVcLzEyXC9taW9kLmpwZyIsInNsaWRlc2hvdyI6Ijk1MmM5ZWMifQ%3D%3D\" href='https:\/\/anpiozanety.pl\/wp-content\/uploads\/2025\/12\/miod.jpg'><img loading=\"lazy\" decoding=\"async\" width=\"198\" height=\"300\" src=\"https:\/\/anpiozanety.pl\/wp-content\/uploads\/2025\/12\/miod-198x300.jpg\" class=\"attachment-medium size-medium\" alt=\"\" aria-describedby=\"gallery-1-316\" srcset=\"https:\/\/anpiozanety.pl\/wp-content\/uploads\/2025\/12\/miod-198x300.jpg 198w, https:\/\/anpiozanety.pl\/wp-content\/uploads\/2025\/12\/miod.jpg 675w\" sizes=\"(max-width: 198px) 100vw, 198px\" \/><\/a>\n\t\t\t<\/div>\n\t\t\t\t<figcaption class='wp-caption-text gallery-caption' id='gallery-1-316'>\n\t\t\t\tMi\u00f3d\n\t\t\t\t<\/figcaption><\/figure><figure class='gallery-item'>\n\t\t\t<div class='gallery-icon portrait'>\n\t\t\t\t<a data-elementor-open-lightbox=\"yes\" data-elementor-lightbox-slideshow=\"952c9ec\" data-elementor-lightbox-title=\"Granulat 6 mm ryby drapie\u017cne 1 kg\" data-e-action-hash=\"#elementor-action%3Aaction%3Dlightbox%26settings%3DeyJpZCI6MzE1LCJ1cmwiOiJodHRwczpcL1wvYW5waW96YW5ldHkucGxcL3dwLWNvbnRlbnRcL3VwbG9hZHNcLzIwMjVcLzEyXC9yeWJ5LWRyYXBpZXpuZS5qcGciLCJzbGlkZXNob3ciOiI5NTJjOWVjIn0%3D\" href='https:\/\/anpiozanety.pl\/wp-content\/uploads\/2025\/12\/ryby-drapiezne.jpg'><img loading=\"lazy\" decoding=\"async\" width=\"191\" height=\"300\" src=\"https:\/\/anpiozanety.pl\/wp-content\/uploads\/2025\/12\/ryby-drapiezne-191x300.jpg\" class=\"attachment-medium size-medium\" alt=\"\" aria-describedby=\"gallery-1-315\" srcset=\"https:\/\/anpiozanety.pl\/wp-content\/uploads\/2025\/12\/ryby-drapiezne-191x300.jpg 191w, https:\/\/anpiozanety.pl\/wp-content\/uploads\/2025\/12\/ryby-drapiezne.jpg 651w\" sizes=\"(max-width: 191px) 100vw, 191px\" \/><\/a>\n\t\t\t<\/div>\n\t\t\t\t<figcaption class='wp-caption-text gallery-caption' id='gallery-1-315'>\n\t\t\t\tRyby drapie\u017cne\n\t\t\t\t<\/figcaption><\/figure><figure class='gallery-item'>\n\t\t\t<div class='gallery-icon portrait'>\n\t\t\t\t<a data-elementor-open-lightbox=\"yes\" data-elementor-lightbox-slideshow=\"952c9ec\" data-elementor-lightbox-title=\"Granulat 6 mm scopex 1 kg\" data-e-action-hash=\"#elementor-action%3Aaction%3Dlightbox%26settings%3DeyJpZCI6MzA2LCJ1cmwiOiJodHRwczpcL1wvYW5waW96YW5ldHkucGxcL3dwLWNvbnRlbnRcL3VwbG9hZHNcLzIwMjVcLzEyXC9zY29wZXguanBnIiwic2xpZGVzaG93IjoiOTUyYzllYyJ9\" href='https:\/\/anpiozanety.pl\/wp-content\/uploads\/2025\/12\/scopex.jpg'><img loading=\"lazy\" decoding=\"async\" width=\"192\" height=\"300\" src=\"https:\/\/anpiozanety.pl\/wp-content\/uploads\/2025\/12\/scopex-192x300.jpg\" class=\"attachment-medium size-medium\" alt=\"\" aria-describedby=\"gallery-1-306\" srcset=\"https:\/\/anpiozanety.pl\/wp-content\/uploads\/2025\/12\/scopex-192x300.jpg 192w, https:\/\/anpiozanety.pl\/wp-content\/uploads\/2025\/12\/scopex.jpg 656w\" sizes=\"(max-width: 192px) 100vw, 192px\" \/><\/a>\n\t\t\t<\/div>\n\t\t\t\t<figcaption class='wp-caption-text gallery-caption' id='gallery-1-306'>\n\t\t\t\tScopex \n\t\t\t\t<\/figcaption><\/figure>\n\t\t<\/div>\n\t\t<\/div>\n\t\t\t\t\t\t<\/div>\n\t\t\t\t\t<\/div>\n\t\t\t\t<\/div>\n\t\t\t\t<\/div>\n\t\t","protected":false},"excerpt":{"rendered":"<p>&nbsp;Wysokiej jako\u015bci granulat zan\u0119towy o zr\u00f3\u017cnicowanych smakach, przeznaczony do po\u0142owu ryb karpiowatych. Doskonale sprawdza si\u0119 zar\u00f3wno jako dodatek do klasycznej zan\u0119ty, jak i do bezpo\u015bredniego n\u0119cenia \u0142owiska samym granulatem. Odpowiednio dobrana struktura i wielko\u015b\u0107 6 mm zapewniaj\u0105 stopniowe uwalnianie aromatu, skutecznie wabi\u0105c ryby i utrzymuj\u0105c je w miejscu n\u0119cenia. Idealny wyb\u00f3r dla w\u0119dkarzy ceni\u0105cych skuteczno\u015b\u0107 [&hellip;]<\/p>\n","protected":false},"author":1,"featured_media":0,"parent":0,"menu_order":0,"comment_status":"closed","ping_status":"closed","template":"page-no-title","meta":{"footnotes":""},"class_list":["post-300","page","type-page","status-publish","hentry"],"_links":{"self":[{"href":"https:\/\/anpiozanety.pl\/index.php?rest_route=\/wp\/v2\/pages\/300","targetHints":{"allow":["GET"]}}],"collection":[{"href":"https:\/\/anpiozanety.pl\/index.php?rest_route=\/wp\/v2\/pages"}],"about":[{"href":"https:\/\/anpiozanety.pl\/index.php?rest_route=\/wp\/v2\/types\/page"}],"author":[{"embeddable":true,"href":"https:\/\/anpiozanety.pl\/index.php?rest_route=\/wp\/v2\/users\/1"}],"replies":[{"embeddable":true,"href":"https:\/\/anpiozanety.pl\/index.php?rest_route=%2Fwp%2Fv2%2Fcomments&post=300"}],"version-history":[{"count":14,"href":"https:\/\/anpiozanety.pl\/index.php?rest_route=\/wp\/v2\/pages\/300\/revisions"}],"predecessor-version":[{"id":394,"href":"https:\/\/anpiozanety.pl\/index.php?rest_route=\/wp\/v2\/pages\/300\/revisions\/394"}],"wp:attachment":[{"href":"https:\/\/anpiozanety.pl\/index.php?rest_route=%2Fwp%2Fv2%2Fmedia&parent=300"}],"curies":[{"name":"wp","href":"https:\/\/api.w.org\/{rel}","templated":true}]}}