{"id":263,"date":"2025-12-13T08:43:18","date_gmt":"2025-12-13T07:43:18","guid":{"rendered":"https:\/\/anpiozanety.pl\/?page_id=263"},"modified":"2025-12-14T20:19:13","modified_gmt":"2025-12-14T19:19:13","slug":"zaneta-select","status":"publish","type":"page","link":"https:\/\/anpiozanety.pl\/?page_id=263","title":{"rendered":"Zan\u0119ta select"},"content":{"rendered":"\t\t<div data-elementor-type=\"wp-page\" data-elementor-id=\"263\" class=\"elementor elementor-263\">\n\t\t\t\t<div class=\"elementor-element elementor-element-7801fde7 e-flex e-con-boxed e-con e-parent\" data-id=\"7801fde7\" data-element_type=\"container\">\n\t\t\t\t\t<div class=\"e-con-inner\">\n\t\t\t\t<div class=\"elementor-element elementor-element-4b09458e elementor-widget elementor-widget-text-editor\" data-id=\"4b09458e\" data-element_type=\"widget\" data-widget_type=\"text-editor.default\">\n\t\t\t\t\t\t\t\t\t<p>Zan\u0119ta <b>Select <\/b>wysokiej jako\u015bci zan\u0119ta na du\u017ce dryby karpiowate. Mieszanka cechuje sie du\u017c\u0105 zawarto\u015bci\u0105 grubych frakcji jak ca\u0142e ziarna i granulaty. Dost\u0119pne w opakowaniach <b>2 kg<\/b>.<\/p>\n<p><!-- \/wp:paragraph --><\/p>\t\t\t\t\t\t\t\t<\/div>\n\t\t\t\t\t<\/div>\n\t\t\t\t<\/div>\n\t\t<div class=\"elementor-element elementor-element-3404203 e-flex e-con-boxed e-con e-parent\" data-id=\"3404203\" data-element_type=\"container\">\n\t\t\t\t\t<div class=\"e-con-inner\">\n\t\t\t\t<div class=\"elementor-element elementor-element-dd7e6d8 elementor-widget elementor-widget-image-gallery\" data-id=\"dd7e6d8\" data-element_type=\"widget\" data-widget_type=\"image-gallery.default\">\n\t\t\t\t\t\t\t<div class=\"elementor-image-gallery\">\n\t\t\t<div id='gallery-1' class='gallery galleryid-263 gallery-columns-3 gallery-size-medium'><figure class='gallery-item'>\n\t\t\t<div class='gallery-icon portrait'>\n\t\t\t\t<a data-elementor-open-lightbox=\"yes\" data-elementor-lightbox-slideshow=\"dd7e6d8\" data-elementor-lightbox-title=\"Select leszcz marcepan 2kg\" data-e-action-hash=\"#elementor-action%3Aaction%3Dlightbox%26settings%3DeyJpZCI6Mjg5LCJ1cmwiOiJodHRwczpcL1wvYW5waW96YW5ldHkucGxcL3dwLWNvbnRlbnRcL3VwbG9hZHNcLzIwMjVcLzEyXC9MRVNaQ1otbWFyY2VwYW4tRFVaQS0yLmpwZyIsInNsaWRlc2hvdyI6ImRkN2U2ZDgifQ%3D%3D\" href='https:\/\/anpiozanety.pl\/wp-content\/uploads\/2025\/12\/LESZCZ-marcepan-DUZA-2.jpg'><img fetchpriority=\"high\" decoding=\"async\" width=\"224\" height=\"300\" src=\"https:\/\/anpiozanety.pl\/wp-content\/uploads\/2025\/12\/LESZCZ-marcepan-DUZA-2-224x300.jpg\" class=\"attachment-medium size-medium\" alt=\"\" aria-describedby=\"gallery-1-289\" srcset=\"https:\/\/anpiozanety.pl\/wp-content\/uploads\/2025\/12\/LESZCZ-marcepan-DUZA-2-224x300.jpg 224w, https:\/\/anpiozanety.pl\/wp-content\/uploads\/2025\/12\/LESZCZ-marcepan-DUZA-2.jpg 763w\" sizes=\"(max-width: 224px) 100vw, 224px\" \/><\/a>\n\t\t\t<\/div>\n\t\t\t\t<figcaption class='wp-caption-text gallery-caption' id='gallery-1-289'>\n\t\t\t\tLeszcz marcepan\n\t\t\t\t<\/figcaption><\/figure><figure class='gallery-item'>\n\t\t\t<div class='gallery-icon portrait'>\n\t\t\t\t<a data-elementor-open-lightbox=\"yes\" data-elementor-lightbox-slideshow=\"dd7e6d8\" data-elementor-lightbox-title=\"Select lin-kara\u015b marcepan 2 kg\" data-e-action-hash=\"#elementor-action%3Aaction%3Dlightbox%26settings%3DeyJpZCI6MjY1LCJ1cmwiOiJodHRwczpcL1wvYW5waW96YW5ldHkucGxcL3dwLWNvbnRlbnRcL3VwbG9hZHNcLzIwMjVcLzEyXC9MSU4tS0FSQVMtbWFyY2VwYW4tRFVaQS0yLmpwZyIsInNsaWRlc2hvdyI6ImRkN2U2ZDgifQ%3D%3D\" href='https:\/\/anpiozanety.pl\/wp-content\/uploads\/2025\/12\/LIN-KARAS-marcepan-DUZA-2.jpg'><img decoding=\"async\" width=\"224\" height=\"300\" src=\"https:\/\/anpiozanety.pl\/wp-content\/uploads\/2025\/12\/LIN-KARAS-marcepan-DUZA-2-224x300.jpg\" class=\"attachment-medium size-medium\" alt=\"\" aria-describedby=\"gallery-1-265\" srcset=\"https:\/\/anpiozanety.pl\/wp-content\/uploads\/2025\/12\/LIN-KARAS-marcepan-DUZA-2-224x300.jpg 224w, https:\/\/anpiozanety.pl\/wp-content\/uploads\/2025\/12\/LIN-KARAS-marcepan-DUZA-2.jpg 763w\" sizes=\"(max-width: 224px) 100vw, 224px\" \/><\/a>\n\t\t\t<\/div>\n\t\t\t\t<figcaption class='wp-caption-text gallery-caption' id='gallery-1-265'>\n\t\t\t\tLin-kara\u015b marcepan\n\t\t\t\t<\/figcaption><\/figure><figure class='gallery-item'>\n\t\t\t<div class='gallery-icon portrait'>\n\t\t\t\t<a data-elementor-open-lightbox=\"yes\" data-elementor-lightbox-slideshow=\"dd7e6d8\" data-elementor-lightbox-title=\"Select leszcz piernik 2 kg\" data-e-action-hash=\"#elementor-action%3Aaction%3Dlightbox%26settings%3DeyJpZCI6Mjc1LCJ1cmwiOiJodHRwczpcL1wvYW5waW96YW5ldHkucGxcL3dwLWNvbnRlbnRcL3VwbG9hZHNcLzIwMjVcLzEyXC8xMzJCNjY3MWEuanBnIiwic2xpZGVzaG93IjoiZGQ3ZTZkOCJ9\" href='https:\/\/anpiozanety.pl\/wp-content\/uploads\/2025\/12\/132B6671a.jpg'><img decoding=\"async\" width=\"222\" height=\"300\" src=\"https:\/\/anpiozanety.pl\/wp-content\/uploads\/2025\/12\/132B6671a-222x300.jpg\" class=\"attachment-medium size-medium\" alt=\"\" aria-describedby=\"gallery-1-275\" srcset=\"https:\/\/anpiozanety.pl\/wp-content\/uploads\/2025\/12\/132B6671a-222x300.jpg 222w, https:\/\/anpiozanety.pl\/wp-content\/uploads\/2025\/12\/132B6671a.jpg 759w\" sizes=\"(max-width: 222px) 100vw, 222px\" \/><\/a>\n\t\t\t<\/div>\n\t\t\t\t<figcaption class='wp-caption-text gallery-caption' id='gallery-1-275'>\n\t\t\t\tLeszcz piernik\n\t\t\t\t<\/figcaption><\/figure><figure class='gallery-item'>\n\t\t\t<div class='gallery-icon portrait'>\n\t\t\t\t<a data-elementor-open-lightbox=\"yes\" data-elementor-lightbox-slideshow=\"dd7e6d8\" data-elementor-lightbox-title=\"Select leszcz kokos-wanilia 2 kg\" data-e-action-hash=\"#elementor-action%3Aaction%3Dlightbox%26settings%3DeyJpZCI6MjcyLCJ1cmwiOiJodHRwczpcL1wvYW5waW96YW5ldHkucGxcL3dwLWNvbnRlbnRcL3VwbG9hZHNcLzIwMjVcLzEyXC8xMzJCNjY2NmEuanBnIiwic2xpZGVzaG93IjoiZGQ3ZTZkOCJ9\" href='https:\/\/anpiozanety.pl\/wp-content\/uploads\/2025\/12\/132B6666a.jpg'><img loading=\"lazy\" decoding=\"async\" width=\"209\" height=\"300\" src=\"https:\/\/anpiozanety.pl\/wp-content\/uploads\/2025\/12\/132B6666a-209x300.jpg\" class=\"attachment-medium size-medium\" alt=\"\" aria-describedby=\"gallery-1-272\" srcset=\"https:\/\/anpiozanety.pl\/wp-content\/uploads\/2025\/12\/132B6666a-209x300.jpg 209w, https:\/\/anpiozanety.pl\/wp-content\/uploads\/2025\/12\/132B6666a.jpg 713w\" sizes=\"(max-width: 209px) 100vw, 209px\" \/><\/a>\n\t\t\t<\/div>\n\t\t\t\t<figcaption class='wp-caption-text gallery-caption' id='gallery-1-272'>\n\t\t\t\tLeszcz kokos-wanilia\n\t\t\t\t<\/figcaption><\/figure><figure class='gallery-item'>\n\t\t\t<div class='gallery-icon portrait'>\n\t\t\t\t<a data-elementor-open-lightbox=\"yes\" data-elementor-lightbox-slideshow=\"dd7e6d8\" data-elementor-lightbox-title=\"Select lin kara\u015b 2 kg\" data-e-action-hash=\"#elementor-action%3Aaction%3Dlightbox%26settings%3DeyJpZCI6Mjc0LCJ1cmwiOiJodHRwczpcL1wvYW5waW96YW5ldHkucGxcL3dwLWNvbnRlbnRcL3VwbG9hZHNcLzIwMjVcLzEyXC8xMzJCNjY2OWEuanBnIiwic2xpZGVzaG93IjoiZGQ3ZTZkOCJ9\" href='https:\/\/anpiozanety.pl\/wp-content\/uploads\/2025\/12\/132B6669a.jpg'><img loading=\"lazy\" decoding=\"async\" width=\"204\" height=\"300\" src=\"https:\/\/anpiozanety.pl\/wp-content\/uploads\/2025\/12\/132B6669a-204x300.jpg\" class=\"attachment-medium size-medium\" alt=\"\" aria-describedby=\"gallery-1-274\" srcset=\"https:\/\/anpiozanety.pl\/wp-content\/uploads\/2025\/12\/132B6669a-204x300.jpg 204w, https:\/\/anpiozanety.pl\/wp-content\/uploads\/2025\/12\/132B6669a.jpg 696w\" sizes=\"(max-width: 204px) 100vw, 204px\" \/><\/a>\n\t\t\t<\/div>\n\t\t\t\t<figcaption class='wp-caption-text gallery-caption' id='gallery-1-274'>\n\t\t\t\tLin Kara\u015b\n\t\t\t\t<\/figcaption><\/figure><figure class='gallery-item'>\n\t\t\t<div class='gallery-icon portrait'>\n\t\t\t\t<a data-elementor-open-lightbox=\"yes\" data-elementor-lightbox-slideshow=\"dd7e6d8\" data-elementor-lightbox-title=\"Select karp scopex 2 kg\" data-e-action-hash=\"#elementor-action%3Aaction%3Dlightbox%26settings%3DeyJpZCI6MjY4LCJ1cmwiOiJodHRwczpcL1wvYW5waW96YW5ldHkucGxcL3dwLWNvbnRlbnRcL3VwbG9hZHNcLzIwMjVcLzEyXC8xMzJCNjY1OGEuanBnIiwic2xpZGVzaG93IjoiZGQ3ZTZkOCJ9\" href='https:\/\/anpiozanety.pl\/wp-content\/uploads\/2025\/12\/132B6658a.jpg'><img loading=\"lazy\" decoding=\"async\" width=\"204\" height=\"300\" src=\"https:\/\/anpiozanety.pl\/wp-content\/uploads\/2025\/12\/132B6658a-204x300.jpg\" class=\"attachment-medium size-medium\" alt=\"\" aria-describedby=\"gallery-1-268\" srcset=\"https:\/\/anpiozanety.pl\/wp-content\/uploads\/2025\/12\/132B6658a-204x300.jpg 204w, https:\/\/anpiozanety.pl\/wp-content\/uploads\/2025\/12\/132B6658a.jpg 698w\" sizes=\"(max-width: 204px) 100vw, 204px\" \/><\/a>\n\t\t\t<\/div>\n\t\t\t\t<figcaption class='wp-caption-text gallery-caption' id='gallery-1-268'>\n\t\t\t\tKarp scopex\n\t\t\t\t<\/figcaption><\/figure><figure class='gallery-item'>\n\t\t\t<div class='gallery-icon portrait'>\n\t\t\t\t<a data-elementor-open-lightbox=\"yes\" data-elementor-lightbox-slideshow=\"dd7e6d8\" data-elementor-lightbox-title=\"Select karp mi\u00f3d 2 kg\" data-e-action-hash=\"#elementor-action%3Aaction%3Dlightbox%26settings%3DeyJpZCI6MjY5LCJ1cmwiOiJodHRwczpcL1wvYW5waW96YW5ldHkucGxcL3dwLWNvbnRlbnRcL3VwbG9hZHNcLzIwMjVcLzEyXC8xMzJCNjY2MGEuanBnIiwic2xpZGVzaG93IjoiZGQ3ZTZkOCJ9\" href='https:\/\/anpiozanety.pl\/wp-content\/uploads\/2025\/12\/132B6660a.jpg'><img loading=\"lazy\" decoding=\"async\" width=\"208\" height=\"300\" src=\"https:\/\/anpiozanety.pl\/wp-content\/uploads\/2025\/12\/132B6660a-208x300.jpg\" class=\"attachment-medium size-medium\" alt=\"\" aria-describedby=\"gallery-1-269\" srcset=\"https:\/\/anpiozanety.pl\/wp-content\/uploads\/2025\/12\/132B6660a-208x300.jpg 208w, https:\/\/anpiozanety.pl\/wp-content\/uploads\/2025\/12\/132B6660a.jpg 709w\" sizes=\"(max-width: 208px) 100vw, 208px\" \/><\/a>\n\t\t\t<\/div>\n\t\t\t\t<figcaption class='wp-caption-text gallery-caption' id='gallery-1-269'>\n\t\t\t\tKarp mi\u00f3d\n\t\t\t\t<\/figcaption><\/figure><figure class='gallery-item'>\n\t\t\t<div class='gallery-icon portrait'>\n\t\t\t\t<a data-elementor-open-lightbox=\"yes\" data-elementor-lightbox-slideshow=\"dd7e6d8\" data-elementor-lightbox-title=\"Select karp fish mix 2 kg\" data-e-action-hash=\"#elementor-action%3Aaction%3Dlightbox%26settings%3DeyJpZCI6MjcwLCJ1cmwiOiJodHRwczpcL1wvYW5waW96YW5ldHkucGxcL3dwLWNvbnRlbnRcL3VwbG9hZHNcLzIwMjVcLzEyXC8xMzJCNjY2MmEuanBnIiwic2xpZGVzaG93IjoiZGQ3ZTZkOCJ9\" href='https:\/\/anpiozanety.pl\/wp-content\/uploads\/2025\/12\/132B6662a.jpg'><img loading=\"lazy\" decoding=\"async\" width=\"193\" height=\"300\" src=\"https:\/\/anpiozanety.pl\/wp-content\/uploads\/2025\/12\/132B6662a-193x300.jpg\" class=\"attachment-medium size-medium\" alt=\"\" aria-describedby=\"gallery-1-270\" srcset=\"https:\/\/anpiozanety.pl\/wp-content\/uploads\/2025\/12\/132B6662a-193x300.jpg 193w, https:\/\/anpiozanety.pl\/wp-content\/uploads\/2025\/12\/132B6662a.jpg 659w\" sizes=\"(max-width: 193px) 100vw, 193px\" \/><\/a>\n\t\t\t<\/div>\n\t\t\t\t<figcaption class='wp-caption-text gallery-caption' id='gallery-1-270'>\n\t\t\t\tKarp fish mix\n\t\t\t\t<\/figcaption><\/figure><figure class='gallery-item'>\n\t\t\t<div class='gallery-icon portrait'>\n\t\t\t\t<a data-elementor-open-lightbox=\"yes\" data-elementor-lightbox-slideshow=\"dd7e6d8\" data-elementor-lightbox-title=\"Select karp halibut 2 kg\" data-e-action-hash=\"#elementor-action%3Aaction%3Dlightbox%26settings%3DeyJpZCI6MjcxLCJ1cmwiOiJodHRwczpcL1wvYW5waW96YW5ldHkucGxcL3dwLWNvbnRlbnRcL3VwbG9hZHNcLzIwMjVcLzEyXC8xMzJCNjY2M2EuanBnIiwic2xpZGVzaG93IjoiZGQ3ZTZkOCJ9\" href='https:\/\/anpiozanety.pl\/wp-content\/uploads\/2025\/12\/132B6663a.jpg'><img loading=\"lazy\" decoding=\"async\" width=\"207\" height=\"300\" src=\"https:\/\/anpiozanety.pl\/wp-content\/uploads\/2025\/12\/132B6663a-207x300.jpg\" class=\"attachment-medium size-medium\" alt=\"\" aria-describedby=\"gallery-1-271\" srcset=\"https:\/\/anpiozanety.pl\/wp-content\/uploads\/2025\/12\/132B6663a-207x300.jpg 207w, https:\/\/anpiozanety.pl\/wp-content\/uploads\/2025\/12\/132B6663a.jpg 708w\" sizes=\"(max-width: 207px) 100vw, 207px\" \/><\/a>\n\t\t\t<\/div>\n\t\t\t\t<figcaption class='wp-caption-text gallery-caption' id='gallery-1-271'>\n\t\t\t\tKarp halibut\n\t\t\t\t<\/figcaption><\/figure><figure class='gallery-item'>\n\t\t\t<div class='gallery-icon portrait'>\n\t\t\t\t<a data-elementor-open-lightbox=\"yes\" data-elementor-lightbox-slideshow=\"dd7e6d8\" data-elementor-lightbox-title=\"Select karp truskawka 2 kg\" data-e-action-hash=\"#elementor-action%3Aaction%3Dlightbox%26settings%3DeyJpZCI6MjczLCJ1cmwiOiJodHRwczpcL1wvYW5waW96YW5ldHkucGxcL3dwLWNvbnRlbnRcL3VwbG9hZHNcLzIwMjVcLzEyXC8xMzJCNjY2OGEuanBnIiwic2xpZGVzaG93IjoiZGQ3ZTZkOCJ9\" href='https:\/\/anpiozanety.pl\/wp-content\/uploads\/2025\/12\/132B6668a.jpg'><img loading=\"lazy\" decoding=\"async\" width=\"204\" height=\"300\" src=\"https:\/\/anpiozanety.pl\/wp-content\/uploads\/2025\/12\/132B6668a-204x300.jpg\" class=\"attachment-medium size-medium\" alt=\"\" aria-describedby=\"gallery-1-273\" srcset=\"https:\/\/anpiozanety.pl\/wp-content\/uploads\/2025\/12\/132B6668a-204x300.jpg 204w, https:\/\/anpiozanety.pl\/wp-content\/uploads\/2025\/12\/132B6668a.jpg 697w\" sizes=\"(max-width: 204px) 100vw, 204px\" \/><\/a>\n\t\t\t<\/div>\n\t\t\t\t<figcaption class='wp-caption-text gallery-caption' id='gallery-1-273'>\n\t\t\t\tKarp truskawka\n\t\t\t\t<\/figcaption><\/figure><figure class='gallery-item'>\n\t\t\t<div class='gallery-icon portrait'>\n\t\t\t\t<a data-elementor-open-lightbox=\"yes\" data-elementor-lightbox-slideshow=\"dd7e6d8\" data-elementor-lightbox-title=\"Select karp wanilia 2 kg\" data-e-action-hash=\"#elementor-action%3Aaction%3Dlightbox%26settings%3DeyJpZCI6Mjc2LCJ1cmwiOiJodHRwczpcL1wvYW5waW96YW5ldHkucGxcL3dwLWNvbnRlbnRcL3VwbG9hZHNcLzIwMjVcLzEyXC8xMzJCNjY1N2EuanBnIiwic2xpZGVzaG93IjoiZGQ3ZTZkOCJ9\" href='https:\/\/anpiozanety.pl\/wp-content\/uploads\/2025\/12\/132B6657a.jpg'><img loading=\"lazy\" decoding=\"async\" width=\"206\" height=\"300\" src=\"https:\/\/anpiozanety.pl\/wp-content\/uploads\/2025\/12\/132B6657a-206x300.jpg\" class=\"attachment-medium size-medium\" alt=\"\" aria-describedby=\"gallery-1-276\" srcset=\"https:\/\/anpiozanety.pl\/wp-content\/uploads\/2025\/12\/132B6657a-206x300.jpg 206w, https:\/\/anpiozanety.pl\/wp-content\/uploads\/2025\/12\/132B6657a.jpg 702w\" sizes=\"(max-width: 206px) 100vw, 206px\" \/><\/a>\n\t\t\t<\/div>\n\t\t\t\t<figcaption class='wp-caption-text gallery-caption' id='gallery-1-276'>\n\t\t\t\tKarp wanilia\n\t\t\t\t<\/figcaption><\/figure><figure class='gallery-item'>\n\t\t\t<div class='gallery-icon portrait'>\n\t\t\t\t<a data-elementor-open-lightbox=\"yes\" data-elementor-lightbox-slideshow=\"dd7e6d8\" data-elementor-lightbox-title=\"Select karp poziomka 2 kg\" data-e-action-hash=\"#elementor-action%3Aaction%3Dlightbox%26settings%3DeyJpZCI6MjY2LCJ1cmwiOiJodHRwczpcL1wvYW5waW96YW5ldHkucGxcL3dwLWNvbnRlbnRcL3VwbG9hZHNcLzIwMjVcLzEyXC9rYXJwLXBvemlvbWthLmpwZyIsInNsaWRlc2hvdyI6ImRkN2U2ZDgifQ%3D%3D\" href='https:\/\/anpiozanety.pl\/wp-content\/uploads\/2025\/12\/karp-poziomka.jpg'><img loading=\"lazy\" decoding=\"async\" width=\"204\" height=\"300\" src=\"https:\/\/anpiozanety.pl\/wp-content\/uploads\/2025\/12\/karp-poziomka-204x300.jpg\" class=\"attachment-medium size-medium\" alt=\"\" aria-describedby=\"gallery-1-266\" srcset=\"https:\/\/anpiozanety.pl\/wp-content\/uploads\/2025\/12\/karp-poziomka-204x300.jpg 204w, https:\/\/anpiozanety.pl\/wp-content\/uploads\/2025\/12\/karp-poziomka.jpg 697w\" sizes=\"(max-width: 204px) 100vw, 204px\" \/><\/a>\n\t\t\t<\/div>\n\t\t\t\t<figcaption class='wp-caption-text gallery-caption' id='gallery-1-266'>\n\t\t\t\tKarp poziomka\n\t\t\t\t<\/figcaption><\/figure>\n\t\t<\/div>\n\t\t<\/div>\n\t\t\t\t\t\t<\/div>\n\t\t\t\t\t<\/div>\n\t\t\t\t<\/div>\n\t\t\t\t<\/div>\n\t\t","protected":false},"excerpt":{"rendered":"<p>Zan\u0119ta Select wysokiej jako\u015bci zan\u0119ta na du\u017ce dryby karpiowate. Mieszanka cechuje sie du\u017c\u0105 zawarto\u015bci\u0105 grubych frakcji jak ca\u0142e ziarna i granulaty. Dost\u0119pne w opakowaniach 2 kg. Leszcz marcepan Lin kara\u015b marcepan Leszcz piernik Leszcz kokos-wanilia Lin Kara\u015b Karp scopex Karp mi\u00f3d Karp fish mix Karp halibut Karp truskawka Karp wanilia Karp poziomka<\/p>\n","protected":false},"author":1,"featured_media":0,"parent":0,"menu_order":0,"comment_status":"closed","ping_status":"closed","template":"page-no-title","meta":{"footnotes":""},"class_list":["post-263","page","type-page","status-publish","hentry"],"_links":{"self":[{"href":"https:\/\/anpiozanety.pl\/index.php?rest_route=\/wp\/v2\/pages\/263","targetHints":{"allow":["GET"]}}],"collection":[{"href":"https:\/\/anpiozanety.pl\/index.php?rest_route=\/wp\/v2\/pages"}],"about":[{"href":"https:\/\/anpiozanety.pl\/index.php?rest_route=\/wp\/v2\/types\/page"}],"author":[{"embeddable":true,"href":"https:\/\/anpiozanety.pl\/index.php?rest_route=\/wp\/v2\/users\/1"}],"replies":[{"embeddable":true,"href":"https:\/\/anpiozanety.pl\/index.php?rest_route=%2Fwp%2Fv2%2Fcomments&post=263"}],"version-history":[{"count":11,"href":"https:\/\/anpiozanety.pl\/index.php?rest_route=\/wp\/v2\/pages\/263\/revisions"}],"predecessor-version":[{"id":295,"href":"https:\/\/anpiozanety.pl\/index.php?rest_route=\/wp\/v2\/pages\/263\/revisions\/295"}],"wp:attachment":[{"href":"https:\/\/anpiozanety.pl\/index.php?rest_route=%2Fwp%2Fv2%2Fmedia&parent=263"}],"curies":[{"name":"wp","href":"https:\/\/api.w.org\/{rel}","templated":true}]}}