{"id":16,"date":"2025-12-10T21:01:35","date_gmt":"2025-12-10T20:01:35","guid":{"rendered":"https:\/\/anpiozanety.pl\/?page_id=16"},"modified":"2026-01-07T22:37:45","modified_gmt":"2026-01-07T21:37:45","slug":"produkty","status":"publish","type":"page","link":"https:\/\/anpiozanety.pl\/?page_id=16","title":{"rendered":"Produkty"},"content":{"rendered":"\t\t<div data-elementor-type=\"wp-page\" data-elementor-id=\"16\" class=\"elementor elementor-16\">\n\t\t\t\t<div class=\"elementor-element elementor-element-e6024c8 e-flex e-con-boxed e-con e-parent\" data-id=\"e6024c8\" data-element_type=\"container\">\n\t\t\t\t\t<div class=\"e-con-inner\">\n\t\t\t\t<div class=\"elementor-element elementor-element-51ab371 elementor-widget elementor-widget-heading\" data-id=\"51ab371\" data-element_type=\"widget\" data-widget_type=\"heading.default\">\n\t\t\t\t\t<h2 class=\"elementor-heading-title elementor-size-default\">Zan\u0119ty w\u0119dkarskie<\/h2>\t\t\t\t<\/div>\n\t\t\t\t\t<\/div>\n\t\t\t\t<\/div>\n\t\t<div class=\"elementor-element elementor-element-658eaec e-grid e-con-boxed e-con e-parent\" data-id=\"658eaec\" data-element_type=\"container\">\n\t\t\t\t\t<div class=\"e-con-inner\">\n\t\t\t\t<div class=\"elementor-element elementor-element-4267978 elementor-widget elementor-widget-image\" data-id=\"4267978\" data-element_type=\"widget\" data-widget_type=\"image.default\">\n\t\t\t\t\t\t\t\t\t\t\t\t<figure class=\"wp-caption\">\n\t\t\t\t\t\t\t\t\t\t\t<a href=\"https:\/\/anpiozanety.pl\/?page_id=109\">\n\t\t\t\t\t\t\t<img fetchpriority=\"high\" decoding=\"async\" width=\"800\" height=\"800\" src=\"https:\/\/anpiozanety.pl\/wp-content\/uploads\/2025\/12\/Zaneta_Anpio_standard_czerwona-1024x1024.png\" class=\"attachment-large size-large wp-image-93\" alt=\"\" srcset=\"https:\/\/anpiozanety.pl\/wp-content\/uploads\/2025\/12\/Zaneta_Anpio_standard_czerwona-1024x1024.png 1024w, https:\/\/anpiozanety.pl\/wp-content\/uploads\/2025\/12\/Zaneta_Anpio_standard_czerwona-300x300.png 300w, https:\/\/anpiozanety.pl\/wp-content\/uploads\/2025\/12\/Zaneta_Anpio_standard_czerwona-150x150.png 150w, https:\/\/anpiozanety.pl\/wp-content\/uploads\/2025\/12\/Zaneta_Anpio_standard_czerwona-768x768.png 768w, https:\/\/anpiozanety.pl\/wp-content\/uploads\/2025\/12\/Zaneta_Anpio_standard_czerwona.png 1080w\" sizes=\"(max-width: 800px) 100vw, 800px\" \/>\t\t\t\t\t\t\t\t<\/a>\n\t\t\t\t\t\t\t\t\t\t\t<figcaption class=\"widget-image-caption wp-caption-text\">Standard<\/figcaption>\n\t\t\t\t\t\t\t\t\t\t<\/figure>\n\t\t\t\t\t\t\t\t\t<\/div>\n\t\t\t\t<div class=\"elementor-element elementor-element-2646cce elementor-widget elementor-widget-image\" data-id=\"2646cce\" data-element_type=\"widget\" data-widget_type=\"image.default\">\n\t\t\t\t\t\t\t\t\t\t\t\t<figure class=\"wp-caption\">\n\t\t\t\t\t\t\t\t\t\t\t<a href=\"https:\/\/anpiozanety.pl\/?page_id=181\">\n\t\t\t\t\t\t\t<img decoding=\"async\" width=\"800\" height=\"800\" src=\"https:\/\/anpiozanety.pl\/wp-content\/uploads\/2025\/12\/Zaneta_Anpio_Specjal-1024x1024.png\" class=\"attachment-large size-large wp-image-94\" alt=\"\" srcset=\"https:\/\/anpiozanety.pl\/wp-content\/uploads\/2025\/12\/Zaneta_Anpio_Specjal-1024x1024.png 1024w, https:\/\/anpiozanety.pl\/wp-content\/uploads\/2025\/12\/Zaneta_Anpio_Specjal-300x300.png 300w, https:\/\/anpiozanety.pl\/wp-content\/uploads\/2025\/12\/Zaneta_Anpio_Specjal-150x150.png 150w, https:\/\/anpiozanety.pl\/wp-content\/uploads\/2025\/12\/Zaneta_Anpio_Specjal-768x768.png 768w, https:\/\/anpiozanety.pl\/wp-content\/uploads\/2025\/12\/Zaneta_Anpio_Specjal.png 1080w\" sizes=\"(max-width: 800px) 100vw, 800px\" \/>\t\t\t\t\t\t\t\t<\/a>\n\t\t\t\t\t\t\t\t\t\t\t<figcaption class=\"widget-image-caption wp-caption-text\">Specjal<\/figcaption>\n\t\t\t\t\t\t\t\t\t\t<\/figure>\n\t\t\t\t\t\t\t\t\t<\/div>\n\t\t\t\t<div class=\"elementor-element elementor-element-e5799e1 elementor-widget elementor-widget-image\" data-id=\"e5799e1\" data-element_type=\"widget\" data-widget_type=\"image.default\">\n\t\t\t\t\t\t\t\t\t\t\t\t<figure class=\"wp-caption\">\n\t\t\t\t\t\t\t\t\t\t\t<a href=\"https:\/\/anpiozanety.pl\/?page_id=222\">\n\t\t\t\t\t\t\t<img decoding=\"async\" width=\"800\" height=\"800\" src=\"https:\/\/anpiozanety.pl\/wp-content\/uploads\/2025\/12\/Zaneta_Anpio_sekret-1024x1024.png\" class=\"attachment-large size-large wp-image-95\" alt=\"\" srcset=\"https:\/\/anpiozanety.pl\/wp-content\/uploads\/2025\/12\/Zaneta_Anpio_sekret-1024x1024.png 1024w, https:\/\/anpiozanety.pl\/wp-content\/uploads\/2025\/12\/Zaneta_Anpio_sekret-300x300.png 300w, https:\/\/anpiozanety.pl\/wp-content\/uploads\/2025\/12\/Zaneta_Anpio_sekret-150x150.png 150w, https:\/\/anpiozanety.pl\/wp-content\/uploads\/2025\/12\/Zaneta_Anpio_sekret-768x768.png 768w, https:\/\/anpiozanety.pl\/wp-content\/uploads\/2025\/12\/Zaneta_Anpio_sekret.png 1080w\" sizes=\"(max-width: 800px) 100vw, 800px\" \/>\t\t\t\t\t\t\t\t<\/a>\n\t\t\t\t\t\t\t\t\t\t\t<figcaption class=\"widget-image-caption wp-caption-text\">Sekret<\/figcaption>\n\t\t\t\t\t\t\t\t\t\t<\/figure>\n\t\t\t\t\t\t\t\t\t<\/div>\n\t\t\t\t<div class=\"elementor-element elementor-element-7939f3b elementor-widget elementor-widget-image\" data-id=\"7939f3b\" data-element_type=\"widget\" data-widget_type=\"image.default\">\n\t\t\t\t\t\t\t\t\t\t\t\t<figure class=\"wp-caption\">\n\t\t\t\t\t\t\t\t\t\t\t<a href=\"https:\/\/anpiozanety.pl\/?page_id=263\">\n\t\t\t\t\t\t\t<img loading=\"lazy\" decoding=\"async\" width=\"800\" height=\"800\" src=\"https:\/\/anpiozanety.pl\/wp-content\/uploads\/2025\/12\/Projekt-bez-nazwy-13-1024x1024.png\" class=\"attachment-large size-large wp-image-326\" alt=\"\" srcset=\"https:\/\/anpiozanety.pl\/wp-content\/uploads\/2025\/12\/Projekt-bez-nazwy-13-1024x1024.png 1024w, https:\/\/anpiozanety.pl\/wp-content\/uploads\/2025\/12\/Projekt-bez-nazwy-13-300x300.png 300w, https:\/\/anpiozanety.pl\/wp-content\/uploads\/2025\/12\/Projekt-bez-nazwy-13-150x150.png 150w, https:\/\/anpiozanety.pl\/wp-content\/uploads\/2025\/12\/Projekt-bez-nazwy-13-768x768.png 768w, https:\/\/anpiozanety.pl\/wp-content\/uploads\/2025\/12\/Projekt-bez-nazwy-13.png 1080w\" sizes=\"(max-width: 800px) 100vw, 800px\" \/>\t\t\t\t\t\t\t\t<\/a>\n\t\t\t\t\t\t\t\t\t\t\t<figcaption class=\"widget-image-caption wp-caption-text\">Select<\/figcaption>\n\t\t\t\t\t\t\t\t\t\t<\/figure>\n\t\t\t\t\t\t\t\t\t<\/div>\n\t\t\t\t<div class=\"elementor-element elementor-element-27842a0 elementor-widget elementor-widget-image\" data-id=\"27842a0\" data-element_type=\"widget\" data-widget_type=\"image.default\">\n\t\t\t\t\t\t\t\t\t\t\t\t<figure class=\"wp-caption\">\n\t\t\t\t\t\t\t\t\t\t<img loading=\"lazy\" decoding=\"async\" width=\"800\" height=\"800\" src=\"https:\/\/anpiozanety.pl\/wp-content\/uploads\/2025\/12\/Projekt-bez-nazwy-15-1024x1024.png\" class=\"attachment-large size-large wp-image-333\" alt=\"\" srcset=\"https:\/\/anpiozanety.pl\/wp-content\/uploads\/2025\/12\/Projekt-bez-nazwy-15-1024x1024.png 1024w, https:\/\/anpiozanety.pl\/wp-content\/uploads\/2025\/12\/Projekt-bez-nazwy-15-300x300.png 300w, https:\/\/anpiozanety.pl\/wp-content\/uploads\/2025\/12\/Projekt-bez-nazwy-15-150x150.png 150w, https:\/\/anpiozanety.pl\/wp-content\/uploads\/2025\/12\/Projekt-bez-nazwy-15-768x768.png 768w, https:\/\/anpiozanety.pl\/wp-content\/uploads\/2025\/12\/Projekt-bez-nazwy-15.png 1080w\" sizes=\"(max-width: 800px) 100vw, 800px\" \/>\t\t\t\t\t\t\t\t\t\t\t<figcaption class=\"widget-image-caption wp-caption-text\">Du\u017ce opakowanie<\/figcaption>\n\t\t\t\t\t\t\t\t\t\t<\/figure>\n\t\t\t\t\t\t\t\t\t<\/div>\n\t\t\t\t<div class=\"elementor-element elementor-element-9d070c4 elementor-widget elementor-widget-image\" data-id=\"9d070c4\" data-element_type=\"widget\" data-widget_type=\"image.default\">\n\t\t\t\t\t\t\t\t\t\t\t\t<figure class=\"wp-caption\">\n\t\t\t\t\t\t\t\t\t\t\t<a href=\"https:\/\/anpiozanety.pl\/?page_id=300\">\n\t\t\t\t\t\t\t<img loading=\"lazy\" decoding=\"async\" width=\"800\" height=\"800\" src=\"https:\/\/anpiozanety.pl\/wp-content\/uploads\/2025\/12\/Pellet-6mm-okladka-1-1024x1024.png\" class=\"attachment-large size-large wp-image-395\" alt=\"\" srcset=\"https:\/\/anpiozanety.pl\/wp-content\/uploads\/2025\/12\/Pellet-6mm-okladka-1-1024x1024.png 1024w, https:\/\/anpiozanety.pl\/wp-content\/uploads\/2025\/12\/Pellet-6mm-okladka-1-300x300.png 300w, https:\/\/anpiozanety.pl\/wp-content\/uploads\/2025\/12\/Pellet-6mm-okladka-1-150x150.png 150w, https:\/\/anpiozanety.pl\/wp-content\/uploads\/2025\/12\/Pellet-6mm-okladka-1-768x768.png 768w, https:\/\/anpiozanety.pl\/wp-content\/uploads\/2025\/12\/Pellet-6mm-okladka-1.png 1080w\" sizes=\"(max-width: 800px) 100vw, 800px\" \/>\t\t\t\t\t\t\t\t<\/a>\n\t\t\t\t\t\t\t\t\t\t\t<figcaption class=\"widget-image-caption wp-caption-text\">Granulat 6 mm<\/figcaption>\n\t\t\t\t\t\t\t\t\t\t<\/figure>\n\t\t\t\t\t\t\t\t\t<\/div>\n\t\t\t\t\t<\/div>\n\t\t\t\t<\/div>\n\t\t<div class=\"elementor-element elementor-element-5f1f93f e-flex e-con-boxed e-con e-parent\" data-id=\"5f1f93f\" data-element_type=\"container\">\n\t\t\t\t\t<div class=\"e-con-inner\">\n\t\t\t\t<div class=\"elementor-element elementor-element-2ee1c31 elementor-widget-divider--view-line elementor-widget elementor-widget-divider\" data-id=\"2ee1c31\" data-element_type=\"widget\" data-widget_type=\"divider.default\">\n\t\t\t\t\t\t\t<div class=\"elementor-divider\">\n\t\t\t<span class=\"elementor-divider-separator\">\n\t\t\t\t\t\t<\/span>\n\t\t<\/div>\n\t\t\t\t\t\t<\/div>\n\t\t\t\t<div class=\"elementor-element elementor-element-8cf602e elementor-widget elementor-widget-heading\" data-id=\"8cf602e\" data-element_type=\"widget\" data-widget_type=\"heading.default\">\n\t\t\t\t\t<h2 class=\"elementor-heading-title elementor-size-default\">Dadatki <\/h2>\t\t\t\t<\/div>\n\t\t\t\t\t<\/div>\n\t\t\t\t<\/div>\n\t\t<div class=\"elementor-element elementor-element-812a4ba e-grid e-con-boxed e-con e-parent\" data-id=\"812a4ba\" data-element_type=\"container\">\n\t\t\t\t\t<div class=\"e-con-inner\">\n\t\t\t\t<div class=\"elementor-element elementor-element-76690f1 elementor-widget elementor-widget-image\" data-id=\"76690f1\" data-element_type=\"widget\" data-widget_type=\"image.default\">\n\t\t\t\t\t\t\t\t\t\t\t\t<figure class=\"wp-caption\">\n\t\t\t\t\t\t\t\t\t\t\t<a href=\"https:\/\/anpiozanety.pl\/?page_id=466\">\n\t\t\t\t\t\t\t<img loading=\"lazy\" decoding=\"async\" width=\"800\" height=\"800\" src=\"https:\/\/anpiozanety.pl\/wp-content\/uploads\/2025\/12\/Projekt-bez-nazwy-1-1024x1024.jpg\" class=\"attachment-large size-large wp-image-79\" alt=\"\" srcset=\"https:\/\/anpiozanety.pl\/wp-content\/uploads\/2025\/12\/Projekt-bez-nazwy-1-1024x1024.jpg 1024w, https:\/\/anpiozanety.pl\/wp-content\/uploads\/2025\/12\/Projekt-bez-nazwy-1-300x300.jpg 300w, https:\/\/anpiozanety.pl\/wp-content\/uploads\/2025\/12\/Projekt-bez-nazwy-1-150x150.jpg 150w, https:\/\/anpiozanety.pl\/wp-content\/uploads\/2025\/12\/Projekt-bez-nazwy-1-768x768.jpg 768w, https:\/\/anpiozanety.pl\/wp-content\/uploads\/2025\/12\/Projekt-bez-nazwy-1.jpg 1080w\" sizes=\"(max-width: 800px) 100vw, 800px\" \/>\t\t\t\t\t\t\t\t<\/a>\n\t\t\t\t\t\t\t\t\t\t\t<figcaption class=\"widget-image-caption wp-caption-text\">Dodatki 400g<\/figcaption>\n\t\t\t\t\t\t\t\t\t\t<\/figure>\n\t\t\t\t\t\t\t\t\t<\/div>\n\t\t\t\t<div class=\"elementor-element elementor-element-41462e5 elementor-widget elementor-widget-image\" data-id=\"41462e5\" data-element_type=\"widget\" data-widget_type=\"image.default\">\n\t\t\t\t\t\t\t\t\t\t\t\t<figure class=\"wp-caption\">\n\t\t\t\t\t\t\t\t\t\t<img loading=\"lazy\" decoding=\"async\" width=\"800\" height=\"800\" src=\"https:\/\/anpiozanety.pl\/wp-content\/uploads\/2025\/12\/Pieczywo-fluo-1024x1024.jpg\" class=\"attachment-large size-large wp-image-86\" alt=\"\" srcset=\"https:\/\/anpiozanety.pl\/wp-content\/uploads\/2025\/12\/Pieczywo-fluo-1024x1024.jpg 1024w, https:\/\/anpiozanety.pl\/wp-content\/uploads\/2025\/12\/Pieczywo-fluo-300x300.jpg 300w, https:\/\/anpiozanety.pl\/wp-content\/uploads\/2025\/12\/Pieczywo-fluo-150x150.jpg 150w, https:\/\/anpiozanety.pl\/wp-content\/uploads\/2025\/12\/Pieczywo-fluo-768x768.jpg 768w, https:\/\/anpiozanety.pl\/wp-content\/uploads\/2025\/12\/Pieczywo-fluo.jpg 1080w\" sizes=\"(max-width: 800px) 100vw, 800px\" \/>\t\t\t\t\t\t\t\t\t\t\t<figcaption class=\"widget-image-caption wp-caption-text\">Pieczywo fluo 400g<\/figcaption>\n\t\t\t\t\t\t\t\t\t\t<\/figure>\n\t\t\t\t\t\t\t\t\t<\/div>\n\t\t\t\t<div class=\"elementor-element elementor-element-573e5c8 elementor-widget elementor-widget-image\" data-id=\"573e5c8\" data-element_type=\"widget\" data-widget_type=\"image.default\">\n\t\t\t\t\t\t\t\t\t\t\t\t<figure class=\"wp-caption\">\n\t\t\t\t\t\t\t\t\t\t\t<a href=\"https:\/\/anpiozanety.pl\/?page_id=401\">\n\t\t\t\t\t\t\t<img loading=\"lazy\" decoding=\"async\" width=\"800\" height=\"800\" src=\"https:\/\/anpiozanety.pl\/wp-content\/uploads\/2025\/12\/Atraktory-Anpio-1024x1024.png\" class=\"attachment-large size-large wp-image-492\" alt=\"\" srcset=\"https:\/\/anpiozanety.pl\/wp-content\/uploads\/2025\/12\/Atraktory-Anpio-1024x1024.png 1024w, https:\/\/anpiozanety.pl\/wp-content\/uploads\/2025\/12\/Atraktory-Anpio-300x300.png 300w, https:\/\/anpiozanety.pl\/wp-content\/uploads\/2025\/12\/Atraktory-Anpio-150x150.png 150w, https:\/\/anpiozanety.pl\/wp-content\/uploads\/2025\/12\/Atraktory-Anpio-768x768.png 768w, https:\/\/anpiozanety.pl\/wp-content\/uploads\/2025\/12\/Atraktory-Anpio.png 1080w\" sizes=\"(max-width: 800px) 100vw, 800px\" \/>\t\t\t\t\t\t\t\t<\/a>\n\t\t\t\t\t\t\t\t\t\t\t<figcaption class=\"widget-image-caption wp-caption-text\">Atraktory <\/figcaption>\n\t\t\t\t\t\t\t\t\t\t<\/figure>\n\t\t\t\t\t\t\t\t\t<\/div>\n\t\t\t\t<div class=\"elementor-element elementor-element-dbc0cb4 elementor-widget elementor-widget-image\" data-id=\"dbc0cb4\" data-element_type=\"widget\" data-widget_type=\"image.default\">\n\t\t\t\t\t\t\t\t\t\t\t\t<figure class=\"wp-caption\">\n\t\t\t\t\t\t\t\t\t\t\t<a href=\"https:\/\/anpiozanety.pl\/?page_id=5177\">\n\t\t\t\t\t\t\t<img loading=\"lazy\" decoding=\"async\" width=\"800\" height=\"800\" src=\"https:\/\/anpiozanety.pl\/wp-content\/uploads\/2025\/12\/Projekt-bez-nazwy-14-1024x1024.png\" class=\"attachment-large size-large wp-image-328\" alt=\"\" srcset=\"https:\/\/anpiozanety.pl\/wp-content\/uploads\/2025\/12\/Projekt-bez-nazwy-14-1024x1024.png 1024w, https:\/\/anpiozanety.pl\/wp-content\/uploads\/2025\/12\/Projekt-bez-nazwy-14-300x300.png 300w, https:\/\/anpiozanety.pl\/wp-content\/uploads\/2025\/12\/Projekt-bez-nazwy-14-150x150.png 150w, https:\/\/anpiozanety.pl\/wp-content\/uploads\/2025\/12\/Projekt-bez-nazwy-14-768x768.png 768w, https:\/\/anpiozanety.pl\/wp-content\/uploads\/2025\/12\/Projekt-bez-nazwy-14.png 1080w\" sizes=\"(max-width: 800px) 100vw, 800px\" \/>\t\t\t\t\t\t\t\t<\/a>\n\t\t\t\t\t\t\t\t\t\t\t<figcaption class=\"widget-image-caption wp-caption-text\">Melasa<\/figcaption>\n\t\t\t\t\t\t\t\t\t\t<\/figure>\n\t\t\t\t\t\t\t\t\t<\/div>\n\t\t\t\t<div class=\"elementor-element elementor-element-b604b46 elementor-widget elementor-widget-image\" data-id=\"b604b46\" data-element_type=\"widget\" data-widget_type=\"image.default\">\n\t\t\t\t\t\t\t\t\t\t\t\t<figure class=\"wp-caption\">\n\t\t\t\t\t\t\t\t\t\t\t<a href=\"https:\/\/anpiozanety.pl\/?page_id=5210\">\n\t\t\t\t\t\t\t<img loading=\"lazy\" decoding=\"async\" width=\"800\" height=\"800\" src=\"https:\/\/anpiozanety.pl\/wp-content\/uploads\/2025\/12\/Anpio-pellet-wysokobialkowy-1024x1024.png\" class=\"attachment-large size-large wp-image-496\" alt=\"\" srcset=\"https:\/\/anpiozanety.pl\/wp-content\/uploads\/2025\/12\/Anpio-pellet-wysokobialkowy-1024x1024.png 1024w, https:\/\/anpiozanety.pl\/wp-content\/uploads\/2025\/12\/Anpio-pellet-wysokobialkowy-300x300.png 300w, https:\/\/anpiozanety.pl\/wp-content\/uploads\/2025\/12\/Anpio-pellet-wysokobialkowy-150x150.png 150w, https:\/\/anpiozanety.pl\/wp-content\/uploads\/2025\/12\/Anpio-pellet-wysokobialkowy-768x768.png 768w, https:\/\/anpiozanety.pl\/wp-content\/uploads\/2025\/12\/Anpio-pellet-wysokobialkowy.png 1080w\" sizes=\"(max-width: 800px) 100vw, 800px\" \/>\t\t\t\t\t\t\t\t<\/a>\n\t\t\t\t\t\t\t\t\t\t\t<figcaption class=\"widget-image-caption wp-caption-text\">Pellet wysokobia\u0142kowy<\/figcaption>\n\t\t\t\t\t\t\t\t\t\t<\/figure>\n\t\t\t\t\t\t\t\t\t<\/div>\n\t\t\t\t<div class=\"elementor-element elementor-element-7b8e9c0 elementor-widget elementor-widget-image\" data-id=\"7b8e9c0\" data-element_type=\"widget\" data-widget_type=\"image.default\">\n\t\t\t\t\t\t\t\t\t\t\t\t<figure class=\"wp-caption\">\n\t\t\t\t\t\t\t\t\t\t<img loading=\"lazy\" decoding=\"async\" width=\"800\" height=\"800\" src=\"https:\/\/anpiozanety.pl\/wp-content\/uploads\/2025\/12\/Platki-anpio-1024x1024.png\" class=\"attachment-large size-large wp-image-498\" alt=\"\" srcset=\"https:\/\/anpiozanety.pl\/wp-content\/uploads\/2025\/12\/Platki-anpio-1024x1024.png 1024w, https:\/\/anpiozanety.pl\/wp-content\/uploads\/2025\/12\/Platki-anpio-300x300.png 300w, https:\/\/anpiozanety.pl\/wp-content\/uploads\/2025\/12\/Platki-anpio-150x150.png 150w, https:\/\/anpiozanety.pl\/wp-content\/uploads\/2025\/12\/Platki-anpio-768x768.png 768w, https:\/\/anpiozanety.pl\/wp-content\/uploads\/2025\/12\/Platki-anpio.png 1080w\" sizes=\"(max-width: 800px) 100vw, 800px\" \/>\t\t\t\t\t\t\t\t\t\t\t<figcaption class=\"widget-image-caption wp-caption-text\">P\u0142atki i ziarna<\/figcaption>\n\t\t\t\t\t\t\t\t\t\t<\/figure>\n\t\t\t\t\t\t\t\t\t<\/div>\n\t\t\t\t\t<\/div>\n\t\t\t\t<\/div>\n\t\t<div class=\"elementor-element elementor-element-d72986c e-flex e-con-boxed e-con e-parent\" data-id=\"d72986c\" data-element_type=\"container\">\n\t\t\t\t\t<div class=\"e-con-inner\">\n\t\t\t\t<div class=\"elementor-element elementor-element-6d03340 elementor-widget-divider--view-line elementor-widget elementor-widget-divider\" data-id=\"6d03340\" data-element_type=\"widget\" data-widget_type=\"divider.default\">\n\t\t\t\t\t\t\t<div class=\"elementor-divider\">\n\t\t\t<span class=\"elementor-divider-separator\">\n\t\t\t\t\t\t<\/span>\n\t\t<\/div>\n\t\t\t\t\t\t<\/div>\n\t\t\t\t\t<\/div>\n\t\t\t\t<\/div>\n\t\t<div class=\"elementor-element elementor-element-471f7a1 e-flex e-con-boxed e-con e-parent\" data-id=\"471f7a1\" data-element_type=\"container\">\n\t\t\t\t\t<div class=\"e-con-inner\">\n\t\t\t\t<div class=\"elementor-element elementor-element-32e98be elementor-widget elementor-widget-heading\" data-id=\"32e98be\" data-element_type=\"widget\" data-widget_type=\"heading.default\">\n\t\t\t\t\t<h2 class=\"elementor-heading-title elementor-size-default\">Przyn\u0119ty do method feeder<\/h2>\t\t\t\t<\/div>\n\t\t\t\t\t<\/div>\n\t\t\t\t<\/div>\n\t\t<div class=\"elementor-element elementor-element-f4ab8fd e-grid e-con-boxed e-con e-parent\" data-id=\"f4ab8fd\" data-element_type=\"container\">\n\t\t\t\t\t<div class=\"e-con-inner\">\n\t\t\t\t<div class=\"elementor-element elementor-element-8472eb0 elementor-widget elementor-widget-image\" data-id=\"8472eb0\" data-element_type=\"widget\" data-widget_type=\"image.default\">\n\t\t\t\t\t\t\t\t\t\t\t\t\t\t\t\t<a href=\"https:\/\/anpiozanety.pl\/?page_id=5236\">\n\t\t\t\t\t\t\t<img loading=\"lazy\" decoding=\"async\" width=\"800\" height=\"800\" src=\"https:\/\/anpiozanety.pl\/wp-content\/uploads\/2026\/01\/Projekt-bez-nazwy-36-1024x1024.png\" class=\"attachment-large size-large wp-image-5148\" alt=\"\" srcset=\"https:\/\/anpiozanety.pl\/wp-content\/uploads\/2026\/01\/Projekt-bez-nazwy-36-1024x1024.png 1024w, https:\/\/anpiozanety.pl\/wp-content\/uploads\/2026\/01\/Projekt-bez-nazwy-36-300x300.png 300w, https:\/\/anpiozanety.pl\/wp-content\/uploads\/2026\/01\/Projekt-bez-nazwy-36-150x150.png 150w, https:\/\/anpiozanety.pl\/wp-content\/uploads\/2026\/01\/Projekt-bez-nazwy-36-768x768.png 768w, https:\/\/anpiozanety.pl\/wp-content\/uploads\/2026\/01\/Projekt-bez-nazwy-36.png 1080w\" sizes=\"(max-width: 800px) 100vw, 800px\" \/>\t\t\t\t\t\t\t\t<\/a>\n\t\t\t\t\t\t\t\t\t\t\t\t\t\t\t<\/div>\n\t\t\t\t<div class=\"elementor-element elementor-element-769cb35 elementor-widget elementor-widget-image\" data-id=\"769cb35\" data-element_type=\"widget\" data-widget_type=\"image.default\">\n\t\t\t\t\t\t\t\t\t\t\t\t\t\t\t<img loading=\"lazy\" decoding=\"async\" width=\"800\" height=\"800\" src=\"https:\/\/anpiozanety.pl\/wp-content\/uploads\/2025\/12\/dumbles-logo-1024x1024.png\" class=\"attachment-large size-large wp-image-76\" alt=\"\" srcset=\"https:\/\/anpiozanety.pl\/wp-content\/uploads\/2025\/12\/dumbles-logo-1024x1024.png 1024w, https:\/\/anpiozanety.pl\/wp-content\/uploads\/2025\/12\/dumbles-logo-300x300.png 300w, https:\/\/anpiozanety.pl\/wp-content\/uploads\/2025\/12\/dumbles-logo-150x150.png 150w, https:\/\/anpiozanety.pl\/wp-content\/uploads\/2025\/12\/dumbles-logo-768x768.png 768w, https:\/\/anpiozanety.pl\/wp-content\/uploads\/2025\/12\/dumbles-logo.png 1080w\" sizes=\"(max-width: 800px) 100vw, 800px\" \/>\t\t\t\t\t\t\t\t\t\t\t\t\t\t\t<\/div>\n\t\t\t\t<div class=\"elementor-element elementor-element-352afc6 elementor-widget elementor-widget-image\" data-id=\"352afc6\" data-element_type=\"widget\" data-widget_type=\"image.default\">\n\t\t\t\t\t\t\t\t\t\t\t\t\t\t\t<img loading=\"lazy\" decoding=\"async\" width=\"800\" height=\"800\" src=\"https:\/\/anpiozanety.pl\/wp-content\/uploads\/2026\/01\/Projekt-bez-nazwy-39-1024x1024.png\" class=\"attachment-large size-large wp-image-5232\" alt=\"\" srcset=\"https:\/\/anpiozanety.pl\/wp-content\/uploads\/2026\/01\/Projekt-bez-nazwy-39-1024x1024.png 1024w, https:\/\/anpiozanety.pl\/wp-content\/uploads\/2026\/01\/Projekt-bez-nazwy-39-300x300.png 300w, https:\/\/anpiozanety.pl\/wp-content\/uploads\/2026\/01\/Projekt-bez-nazwy-39-150x150.png 150w, https:\/\/anpiozanety.pl\/wp-content\/uploads\/2026\/01\/Projekt-bez-nazwy-39-768x768.png 768w, https:\/\/anpiozanety.pl\/wp-content\/uploads\/2026\/01\/Projekt-bez-nazwy-39.png 1080w\" sizes=\"(max-width: 800px) 100vw, 800px\" \/>\t\t\t\t\t\t\t\t\t\t\t\t\t\t\t<\/div>\n\t\t\t\t\t<\/div>\n\t\t\t\t<\/div>\n\t\t\t\t<\/div>\n\t\t","protected":false},"excerpt":{"rendered":"<p>Zan\u0119ty w\u0119dkarskie Standard Specjal Sekret Select Du\u017ce opakowanie Granulat 6 mm Dadatki Dodatki 400g Pieczywo fluo 400g Atraktory Melasa Pellet wysokobia\u0142kowy P\u0142atki i ziarna Przyn\u0119ty do method feeder<\/p>\n","protected":false},"author":1,"featured_media":0,"parent":0,"menu_order":0,"comment_status":"closed","ping_status":"closed","template":"","meta":{"footnotes":""},"class_list":["post-16","page","type-page","status-publish","hentry"],"_links":{"self":[{"href":"https:\/\/anpiozanety.pl\/index.php?rest_route=\/wp\/v2\/pages\/16","targetHints":{"allow":["GET"]}}],"collection":[{"href":"https:\/\/anpiozanety.pl\/index.php?rest_route=\/wp\/v2\/pages"}],"about":[{"href":"https:\/\/anpiozanety.pl\/index.php?rest_route=\/wp\/v2\/types\/page"}],"author":[{"embeddable":true,"href":"https:\/\/anpiozanety.pl\/index.php?rest_route=\/wp\/v2\/users\/1"}],"replies":[{"embeddable":true,"href":"https:\/\/anpiozanety.pl\/index.php?rest_route=%2Fwp%2Fv2%2Fcomments&post=16"}],"version-history":[{"count":83,"href":"https:\/\/anpiozanety.pl\/index.php?rest_route=\/wp\/v2\/pages\/16\/revisions"}],"predecessor-version":[{"id":5241,"href":"https:\/\/anpiozanety.pl\/index.php?rest_route=\/wp\/v2\/pages\/16\/revisions\/5241"}],"wp:attachment":[{"href":"https:\/\/anpiozanety.pl\/index.php?rest_route=%2Fwp%2Fv2%2Fmedia&parent=16"}],"curies":[{"name":"wp","href":"https:\/\/api.w.org\/{rel}","templated":true}]}}